{"id":314,"date":"2017-11-03T13:27:17","date_gmt":"2017-11-03T18:27:17","guid":{"rendered":"http:\/\/rivecentre.com\/projet\/"},"modified":"2020-11-02T09:28:35","modified_gmt":"2020-11-02T14:28:35","slug":"project","status":"publish","type":"page","link":"https:\/\/rivecentre.com\/en\/project\/","title":{"rendered":"Project"},"content":{"rendered":"[vc_row fullwidth=&#8221;true&#8221; fullwidth_content=&#8221;false&#8221; el_class=&#8221;large-padding-top&#8221;][vc_column][vc_custom_heading text=&#8221;The Rive-Centre Project&#8221; font_container=&#8221;tag:h1|font_size:24|text_align:left|color:%23262626&#8243; use_theme_fonts=&#8221;yes&#8221; css=&#8221;.vc_custom_1510083214747{margin-left: 0px !important;padding-right: 15px !important;padding-left: 15px !important;}&#8221;][\/vc_column][\/vc_row][vc_row fullwidth=&#8221;true&#8221; fullwidth_content=&#8221;false&#8221; equal_columns=&#8221;true&#8221; css=&#8221;.vc_custom_1509977744044{padding-top: 20px !important;padding-bottom: 80px !important;}&#8221; el_class=&#8221;bg-img-row bg-logo&#8221;][vc_column width=&#8221;1\/3&#8243;][mk_custom_box padding_vertical=&#8221;0&#8243; padding_horizental=&#8221;0&#8243; margin_bottom=&#8221;40&#8243; min_height=&#8221;281&#8243; bg_image=&#8221;http:\/\/rivecentre.com\/wp-content\/uploads\/2017\/11\/img2.jpg&#8221; bg_stretch=&#8221;true&#8221;][\/mk_custom_box][\/vc_column][vc_column width=&#8221;2\/3&#8243;][vc_column_text css=&#8221;.vc_custom_1510338275225{margin-bottom: 0px !important;}&#8221;]\n<h2>A new and affordable housing project in Montr\u00e9al<\/h2>\n<p>Rive-Centre is a family development on the banks of Rivi\u00e8re des Prairies river in Montr\u00e9al. A true green neighbourhood featuring a natural environment integrated with urban dwellings, Rive-Centre stands out for its accessibility and high-quality construction. Offering different types of dwellings, from single-family and semi-detached homes to triplexes, this exceptional development ensures unmatched construction quality for its residents, as well as contemporary or classic style.<\/p>\n<p>A true suburb in the heart of the city, this project was planned and designed to meet the needs of families who want to live in the city, and who want to take advantage of affordable prices.[\/vc_column_text][\/vc_column][\/vc_row][vc_row fullwidth=&#8221;true&#8221;][vc_column][vc_single_image image=&#8221;126&#8243; img_size=&#8221;full&#8221; alignment=&#8221;center&#8221; css_animation=&#8221;slideInRight&#8221; el_class=&#8221;fullwidth-img&#8221;][\/vc_column][\/vc_row][mk_page_section layout_structure=&#8221;half_right&#8221; bg_image=&#8221;http:\/\/rivecentre.com\/wp-content\/uploads\/2017\/11\/projet2.jpg&#8221; padding_top=&#8221;80&#8243; padding_bottom=&#8221;80&#8243; el_class=&#8221;bg-gradient bg-gradient-content-left&#8221;][vc_column css=&#8221;.vc_custom_1509978403473{padding-right: 0px !important;}&#8221;][mk_custom_box padding_vertical=&#8221;60&#8243; padding_horizental=&#8221;50&#8243; margin_bottom=&#8221;0&#8243; bg_color=&#8221;#ffffff&#8221;][vc_column_text css=&#8221;.vc_custom_1510083281309{margin-bottom: 0px !important;}&#8221;]\n<h2>An exceptional and protected environment<\/h2>\n<p>Advocating an integrated environmental approach, Rive-Centre stands out as the real estate development that offers the largest amount of green space per residential unit in the Eastern part of the city.<\/p>\n<p>In an effort to preserve its natural areas as much as possible, Rive-Centre developed a rigorous plan to control and integrate infrastructures and services. Thus, the location of the properties and traffic routes were carefully considered to ensure maximum respect for the ecological value of the area. In addition, electricity, natural gas, cable and telephone services are all underground.[\/vc_column_text][\/mk_custom_box][\/vc_column][\/mk_page_section][vc_row fullwidth=&#8221;true&#8221;][vc_column][vc_single_image image=&#8221;429&#8243; img_size=&#8221;full&#8221; alignment=&#8221;center&#8221; css_animation=&#8221;slideInLeft&#8221; el_class=&#8221;fullwidth-img&#8221;][\/vc_column][\/vc_row][vc_row fullwidth=&#8221;true&#8221; fullwidth_content=&#8221;false&#8221; equal_columns=&#8221;true&#8221; disable_element=&#8221;yes&#8221; css=&#8221;.vc_custom_1604327312465{padding-top: 40px !important;padding-bottom: 80px !important;}&#8221; el_class=&#8221;bg-img-row&#8221;][vc_column width=&#8221;1\/2&#8243;][mk_gallery images=&#8221;136,137,138,139&#8243; column=&#8221;2&#8243; height=&#8221;398&#8243; hover_scenarios=&#8221;none&#8221; item_spacing=&#8221;20&#8243; margin_bottom=&#8221;0&#8243; orderby=&#8221;post__in&#8221; el_class=&#8221;no-margin-top&#8221;][\/vc_column][vc_column width=&#8221;1\/2&#8243; el_class=&#8221;vtable&#8221;][vc_column_text css=&#8221;.vc_custom_1510753947762{margin-bottom: 0px !important;}&#8221;]\n<h2>Single-family and semi-detached homes<\/h2>\n<p>In phase 7 of the project, you will find single-family homes by builders Christian Alexandre Construction and Les habitations P.A. In phase 11 of the project, you will find semi-detached homes by builders Parmofab and Groupe Cartierville.<\/p>\n<h2>Triplex<\/h2>\n<p>In phase 6 of the project, you will find triplexes by builder Les Habitations P.A. inc.[\/vc_column_text][\/vc_column][\/vc_row][vc_row fullwidth=&#8221;true&#8221; fullwidth_content=&#8221;false&#8221; el_class=&#8221;bg-gradient-grey&#8221; css=&#8221;.vc_custom_1510089730998{padding-top: 80px !important;padding-right: 15px !important;padding-bottom: 38px !important;padding-left: 15px !important;}&#8221;][vc_column][vc_column_text css=&#8221;.vc_custom_1510083330808{margin-bottom: 0px !important;}&#8221;]\n<h2>Rive-Centre, the numbers<\/h2>\n[\/vc_column_text][vc_row_inner css=&#8221;.vc_custom_1509981026506{margin-top: 20px !important;}&#8221;][vc_column_inner width=&#8221;1\/3&#8243;][mk_milestone icon=&#8221;mk-icon-dollar&#8221; icon_size=&#8221;medium&#8221; stop=&#8221;900&#8243; prefix=&#8221;$&#8221; suffix=&#8221;million&#8221; text=&#8221;Economic impact &#8221; text_color=&#8221;#000000&#8243; text_size=&#8221;22&#8243; font_family=&#8221;none&#8221; font_weight=&#8221;900&#8243; desc_size=&#8221;15&#8243;][\/vc_column_inner][vc_column_inner width=&#8221;1\/3&#8243;][mk_milestone icon=&#8221;mk-moon-calendar-2&#8243; icon_size=&#8221;medium&#8221; stop=&#8221;7&#8243; prefix=&#8221;5 to &#8221; suffix=&#8221; year&#8221; text=&#8221;Completion schedule&#8221; text_color=&#8221;#000000&#8243; text_size=&#8221;22&#8243; font_family=&#8221;none&#8221; font_weight=&#8221;900&#8243; desc_size=&#8221;15&#8243;][\/vc_column_inner][vc_column_inner width=&#8221;1\/3&#8243;][mk_milestone icon=&#8221;mk-jupiter-icon-arrow-circle&#8221; icon_size=&#8221;medium&#8221; stop=&#8221;13&#8243; text=&#8221;Subsequent phases&#8221; text_color=&#8221;#000000&#8243; text_size=&#8221;22&#8243; font_family=&#8221;none&#8221; font_weight=&#8221;900&#8243; desc_size=&#8221;15&#8243;][\/vc_column_inner][\/vc_row_inner][\/vc_column][\/vc_row]\n","protected":false},"excerpt":{"rendered":"<p>[vc_row fullwidth=&#8221;true&#8221; fullwidth_content=&#8221;false&#8221; el_class=&#8221;large-padding-top&#8221;][vc_column][vc_custom_heading text=&#8221;The Rive-Centre Project&#8221; font_container=&#8221;tag:h1|font_size:24|text_align:left|color:%23262626&#8243; use_theme_fonts=&#8221;yes&#8221; css=&#8221;.vc_custom_1510083214747{margin-left: 0px !important;padding-right: 15px !important;padding-left: 15px !important;}&#8221;][\/vc_column][\/vc_row][vc_row fullwidth=&#8221;true&#8221; fullwidth_content=&#8221;false&#8221; equal_columns=&#8221;true&#8221; css=&#8221;.vc_custom_1509977744044{padding-top: 20px !important;padding-bottom: 80px !important;}&#8221; el_class=&#8221;bg-img-row bg-logo&#8221;][vc_column width=&#8221;1\/3&#8243;][mk_custom_box padding_vertical=&#8221;0&#8243; padding_horizental=&#8221;0&#8243; margin_bottom=&#8221;40&#8243; min_height=&#8221;281&#8243; bg_image=&#8221;http:\/\/rivecentre.com\/wp-content\/uploads\/2017\/11\/img2.jpg&#8221; bg_stretch=&#8221;true&#8221;][\/mk_custom_box][\/vc_column][vc_column width=&#8221;2\/3&#8243;][vc_column_text css=&#8221;.vc_custom_1510338275225{margin-bottom: 0px !important;}&#8221;] A new and affordable housing project in Montr\u00e9al Rive-Centre is a family development on the banks of Rivi\u00e8re [&hellip;]<\/p>\n","protected":false},"author":1,"featured_media":0,"parent":0,"menu_order":0,"comment_status":"closed","ping_status":"open","template":"","meta":[],"yoast_head":"<!-- This site is optimized with the Yoast SEO plugin v18.4.1 - https:\/\/yoast.com\/wordpress\/plugins\/seo\/ -->\n<title>Rive-Centre | About this family real estate project<\/title>\n<meta name=\"description\" content=\"Learn more about this affordable new home project in Montr\u00e9al\" \/>\n<meta name=\"robots\" content=\"index, follow, max-snippet:-1, max-image-preview:large, max-video-preview:-1\" \/>\n<link rel=\"canonical\" href=\"https:\/\/rivecentre.com\/en\/project\/\" \/>\n<meta property=\"og:locale\" content=\"en_US\" \/>\n<meta property=\"og:type\" content=\"article\" \/>\n<meta property=\"og:title\" content=\"Rive-Centre | About this family real estate project\" \/>\n<meta property=\"og:description\" content=\"Learn more about this affordable new home project in Montr\u00e9al\" \/>\n<meta property=\"og:url\" content=\"https:\/\/rivecentre.com\/en\/project\/\" \/>\n<meta property=\"og:site_name\" content=\"Rive-Centre\" \/>\n<meta property=\"article:modified_time\" content=\"2020-11-02T14:28:35+00:00\" \/>\n<meta name=\"twitter:card\" content=\"summary\" \/>\n<meta name=\"twitter:label1\" content=\"Est. reading time\" \/>\n\t<meta name=\"twitter:data1\" content=\"4 minutes\" \/>\n<script type=\"application\/ld+json\" class=\"yoast-schema-graph\">{\"@context\":\"https:\/\/schema.org\",\"@graph\":[{\"@type\":\"WebSite\",\"@id\":\"https:\/\/rivecentre.com\/#website\",\"url\":\"https:\/\/rivecentre.com\/\",\"name\":\"Rive-Centre\",\"description\":\"Propri\u00e9t\u00e9s familiales neuves et abordables \u00e0 Montr\u00e9al\",\"potentialAction\":[{\"@type\":\"SearchAction\",\"target\":{\"@type\":\"EntryPoint\",\"urlTemplate\":\"https:\/\/rivecentre.com\/?s={search_term_string}\"},\"query-input\":\"required name=search_term_string\"}],\"inLanguage\":\"en-US\"},{\"@type\":\"WebPage\",\"@id\":\"https:\/\/rivecentre.com\/en\/project\/#webpage\",\"url\":\"https:\/\/rivecentre.com\/en\/project\/\",\"name\":\"Rive-Centre | About this family real estate project\",\"isPartOf\":{\"@id\":\"https:\/\/rivecentre.com\/#website\"},\"datePublished\":\"2017-11-03T18:27:17+00:00\",\"dateModified\":\"2020-11-02T14:28:35+00:00\",\"description\":\"Learn more about this affordable new home project in Montr\u00e9al\",\"breadcrumb\":{\"@id\":\"https:\/\/rivecentre.com\/en\/project\/#breadcrumb\"},\"inLanguage\":\"en-US\",\"potentialAction\":[{\"@type\":\"ReadAction\",\"target\":[\"https:\/\/rivecentre.com\/en\/project\/\"]}]},{\"@type\":\"BreadcrumbList\",\"@id\":\"https:\/\/rivecentre.com\/en\/project\/#breadcrumb\",\"itemListElement\":[{\"@type\":\"ListItem\",\"position\":1,\"name\":\"Home\",\"item\":\"https:\/\/rivecentre.com\/en\/\"},{\"@type\":\"ListItem\",\"position\":2,\"name\":\"Project\"}]}]}<\/script>\n<!-- \/ Yoast SEO plugin. -->","yoast_head_json":{"title":"Rive-Centre | About this family real estate project","description":"Learn more about this affordable new home project in Montr\u00e9al","robots":{"index":"index","follow":"follow","max-snippet":"max-snippet:-1","max-image-preview":"max-image-preview:large","max-video-preview":"max-video-preview:-1"},"canonical":"https:\/\/rivecentre.com\/en\/project\/","og_locale":"en_US","og_type":"article","og_title":"Rive-Centre | About this family real estate project","og_description":"Learn more about this affordable new home project in Montr\u00e9al","og_url":"https:\/\/rivecentre.com\/en\/project\/","og_site_name":"Rive-Centre","article_modified_time":"2020-11-02T14:28:35+00:00","twitter_card":"summary","twitter_misc":{"Est. reading time":"4 minutes"},"schema":{"@context":"https:\/\/schema.org","@graph":[{"@type":"WebSite","@id":"https:\/\/rivecentre.com\/#website","url":"https:\/\/rivecentre.com\/","name":"Rive-Centre","description":"Propri\u00e9t\u00e9s familiales neuves et abordables \u00e0 Montr\u00e9al","potentialAction":[{"@type":"SearchAction","target":{"@type":"EntryPoint","urlTemplate":"https:\/\/rivecentre.com\/?s={search_term_string}"},"query-input":"required name=search_term_string"}],"inLanguage":"en-US"},{"@type":"WebPage","@id":"https:\/\/rivecentre.com\/en\/project\/#webpage","url":"https:\/\/rivecentre.com\/en\/project\/","name":"Rive-Centre | About this family real estate project","isPartOf":{"@id":"https:\/\/rivecentre.com\/#website"},"datePublished":"2017-11-03T18:27:17+00:00","dateModified":"2020-11-02T14:28:35+00:00","description":"Learn more about this affordable new home project in Montr\u00e9al","breadcrumb":{"@id":"https:\/\/rivecentre.com\/en\/project\/#breadcrumb"},"inLanguage":"en-US","potentialAction":[{"@type":"ReadAction","target":["https:\/\/rivecentre.com\/en\/project\/"]}]},{"@type":"BreadcrumbList","@id":"https:\/\/rivecentre.com\/en\/project\/#breadcrumb","itemListElement":[{"@type":"ListItem","position":1,"name":"Home","item":"https:\/\/rivecentre.com\/en\/"},{"@type":"ListItem","position":2,"name":"Project"}]}]}},"_links":{"self":[{"href":"https:\/\/rivecentre.com\/en\/wp-json\/wp\/v2\/pages\/314"}],"collection":[{"href":"https:\/\/rivecentre.com\/en\/wp-json\/wp\/v2\/pages"}],"about":[{"href":"https:\/\/rivecentre.com\/en\/wp-json\/wp\/v2\/types\/page"}],"author":[{"embeddable":true,"href":"https:\/\/rivecentre.com\/en\/wp-json\/wp\/v2\/users\/1"}],"replies":[{"embeddable":true,"href":"https:\/\/rivecentre.com\/en\/wp-json\/wp\/v2\/comments?post=314"}],"version-history":[{"count":10,"href":"https:\/\/rivecentre.com\/en\/wp-json\/wp\/v2\/pages\/314\/revisions"}],"predecessor-version":[{"id":568,"href":"https:\/\/rivecentre.com\/en\/wp-json\/wp\/v2\/pages\/314\/revisions\/568"}],"wp:attachment":[{"href":"https:\/\/rivecentre.com\/en\/wp-json\/wp\/v2\/media?parent=314"}],"curies":[{"name":"wp","href":"https:\/\/api.w.org\/{rel}","templated":true}]}}