{"id":318,"date":"2017-11-06T15:29:48","date_gmt":"2017-11-06T20:29:48","guid":{"rendered":"http:\/\/rivecentre.com\/plan\/"},"modified":"2022-03-31T13:27:14","modified_gmt":"2022-03-31T18:27:14","slug":"plan","status":"publish","type":"page","link":"https:\/\/rivecentre.com\/en\/plan\/","title":{"rendered":"Project plan"},"content":{"rendered":"[vc_row fullwidth=&#8221;true&#8221; fullwidth_content=&#8221;false&#8221; el_class=&#8221;header-plan large-padding-top-bottom&#8221;][vc_column][vc_custom_heading text=&#8221;RIVE-CENTRE PROJECT PLAN&#8221; font_container=&#8221;tag:h1|font_size:24|text_align:left|color:%23262626&#8243; use_theme_fonts=&#8221;yes&#8221; css=&#8221;.vc_custom_1510083525447{margin-left: 0px !important;padding-right: 15px !important;padding-left: 15px !important;}&#8221;][vc_column_text css=&#8221;.vc_custom_1620312917802{margin-bottom: 0px !important;padding-right: 15px !important;padding-left: 15px !important;}&#8221;]Rive-Centre spreads over several distinct phases, integrated into their environment, and surrounded by vast green spaces. Phases 1, 2, 4, 5, 6, and 7 have been completed. Phases 3 and 11, which are currently under construction, feature single-family homes and semi-detached properties. As of 2021-2022, phase Rive 43 Nord will offer rental properties.[\/vc_column_text][\/vc_column][\/vc_row][vc_row css=&#8221;.vc_custom_1510072940994{padding-bottom: 80px !important;}&#8221;][vc_column][vc_raw_html]JTNDY2FudmFzJTIwaWQlM0QlMjdtYXAtY2FudmFzJTI3JTNFJTNDJTJGY2FudmFzJTNFJTBBJTBBJTNDZGl2JTIwaWQlM0QlMjdib3gtY29udGFpbmVyJTI3JTNFJTNDJTJGZGl2JTNFJTBBJTBBJTNDJTIxLS0lMjBJbWFnZSUyME1hcCUyMEdlbmVyYXRlZCUyMGJ5JTIwaHR0cCUzQSUyRiUyRnd3dy5pbWFnZS1tYXAubmV0JTJGJTIwLS0lM0UlMEElM0NpbWclMjBzcmMlM0QlMjIlMkZ3cC1jb250ZW50JTJGdXBsb2FkcyUyRjIwMjIlMkYwMyUyRnBsYW4tcml2ZWNlbnRyZS0yMDIyLXYyLmpwZyUyMiUyMGlkJTNEJTIybWFwLWltZyUyMiUyMHVzZW1hcCUzRCUyMiUyM2ltYWdlLW1hcCUyMiUzRSUwQSUwQSUzQ21hcCUyMG5hbWUlM0QlMjJpbWFnZS1tYXAlMjIlM0UlMEElMjAlMjAlMjAlMjAlMEElMEElM0NhcmVhJTIwdGFyZ2V0JTNEJTIyJTIyJTIwaWQlM0QlMjJwaGFzZV9paWklMjIlMjBhbHQlM0QlMjIlMjIlMjB0aXRsZSUzRCUyMiUyMiUyMGhyZWYlM0QlMjIlMjIlMjBjb29yZHMlM0QlMjIxJTJDMCUyQzE4MyUyQzI2MyUyQzQxOCUyQzI2MyUyQzQ2OSUyQzIyNCUyQzQ3NCUyQzIwNSUyQzQ3NiUyQzEyMCUyQzQzMiUyQzc0JTJDNDUxJTJDMyUyMiUyMHNoYXBlJTNEJTIycG9seSUyMiUzRSUwQSUwQSUyMCUyMCUyMCUyMCUzQ2FyZWElMjB0YXJnZXQlM0QlMjIlMjIlMjBpZCUzRCUyMnBoYXNlX2l4JTIyJTIwYWx0JTNEJTIyJTIyJTIwdGl0bGUlM0QlMjIlMjIlMjBocmVmJTNEJTIyJTIyJTIwY29vcmRzJTNEJTIyNjkxJTJDLTElMkM2NjQlMkMxMzElMkM3MzElMkMxMzIlMkM3MzElMkMyMDklMkM3NDUlMkMyMDklMkM3NDUlMkMxMzMlMkM4NDclMkMxMzElMkM4NjIlMkMtMSUyMiUyMHNoYXBlJTNEJTIycG9seSUyMiUzRSUwQSUwQSUyMCUyMCUyMCUyMCUzQ2FyZWElMjB0YXJnZXQlM0QlMjIlMjIlMjBpZCUzRCUyMnBoYXNlX3ZpJTIyJTIwYWx0JTNEJTIyJTIyJTIwdGl0bGUlM0QlMjIlMjIlMjBocmVmJTNEJTIyJTIyJTIwY29vcmRzJTNEJTIyNDc1JTJDMTczJTJDNzI3JTJDMTcyJTJDNzI4JTJDMjExJTJDNzQ0JTJDMjEyJTJDNzQ1JTJDMTc1JTJDODI0JTJDMTczJTJDODI0JTJDMzMwJTJDODA1JTJDMzI5JTJDODA1JTJDMjY2JTJDNDYyJTJDMjY5JTJDNDQ1JTJDMjQ4JTJDNDY2JTJDMjI2JTJDNDc1JTJDMjA4JTIyJTIwc2hhcGUlM0QlMjJwb2x5JTIyJTNFJTBBJTBBJTBBJTIwJTIwJTIwJTIwJTNDYXJlYSUyMHRhcmdldCUzRCUyMiUyMiUyMGlkJTNEJTIycGhhc2VfaWlpMiUyMiUyMGFsdCUzRCUyMiUyMiUyMHRpdGxlJTNEJTIyJTIyJTIwdW5pJTIyJTIwaHJlZiUzRCUyMiUyMiUyMGNvb3JkcyUzRCUyMjIxNSUyQzMyOSUyQzI4MCUyQzMyOCUyQzI4MSUyQzM4MCUyQzI5OCUyQzQyMSUyQzMwNyUyQzQyMiUyQzMwNiUyQzQ1MSUyQzI2NSUyQzQ1MiUyMiUyMHNoYXBlJTNEJTIycG9seSUyMiUzRSUwQSUwOSUwOSUwOSUwOSUwOSUwOSUwOSUwOSUwOSUwOSUwOSUwOSUwOSUwOSUwOSUwOSUwOSUwOSUwOSUwOSUwOSUwOSUwOSUwOSUwOSUwOSUwOSUwOSUwOSUwOSUwOSUwOSUwOSUwOSUwOSUyMCUyMCUwQSUwOSUwOSUwOSUwOSUwOSUwOSUwOSUwOSUwOSUwOSUwOSUwOSUwOSUwOSUwOSUwOSUwOSUwOSUwOSUwOSUwOSUwOSUwOSUwOSUwOSUwOSUwOSUwOSUwOSUwOSUwOSUwOSUwOSUwOSUwOSUyMCUyMCUwQSUyMCUyMCUyMCUyMCUzQ2FyZWElMjB0YXJnZXQlM0QlMjIlMjIlMjBpZCUzRCUyMnBoYXNlX3YlMjIlMjBhbHQlM0QlMjIlMjIlMjB0aXRsZSUzRCUyMiUyMiUyMGhyZWYlM0QlMjIlMjIlMjBjb29yZHMlM0QlMjIyODElMkMzMzAlMkM1NzQlMkMzMjklMkM1NzElMkM0MTglMkMzNzUlMkM0MjAlMkMzOTAlMkM0NjclMkMzNjUlMkM0NjklMkMzNDMlMkM0MTglMkMyOTclMkM0MTglMkMyNzklMkMzODAlMjIlMjBzaGFwZSUzRCUyMnBvbHklMjIlM0UlMEElMDklMEElMDklMEElMjAlMjAlMjAlMjAlM0NhcmVhJTIwdGFyZ2V0JTNEJTIyJTIyJTIwaWQlM0QlMjJwaGFzZV94aSUyMiUyMGFsdCUzRCUyMiUyMiUyMHRpdGxlJTNEJTIyJTIyJTIwaHJlZiUzRCUyMiUyMiUyMGNvb3JkcyUzRCUyMjU3NCUyQzMzMCUyQzU3MiUyQzQxOCUyQzEwMTIlMkM0MTklMkMxMDE0JTJDMzIyJTJDOTI5JTJDMzMwJTIyJTIwc2hhcGUlM0QlMjJwb2x5JTIyJTNFJTBBJTA5JTA5JTA5JTA5JTA5JTA5JTA5JTA5JTA5JTA5JTA5JTA5JTA5JTA5JTA5JTA5JTA5JTA5JTA5JTA5JTA5JTA5JTA5JTA5JTA5JTA5JTA5JTIwJTIwJTIwJTA5JTA5JTA5JTA5JTA5JTA5JTA5JTA5JTA5JTA5JTA5JTA5JTA5JTA5JTIwJTIwJTIwJTBBJTA5JTA5JTA5JTA5JTA5JTA5JTA5JTA5JTA5JTA5JTA5JTA5JTA5JTA5JTA5JTA5JTA5JTA5JTA5JTA5JTA5JTA5JTA5JTA5JTA5JTA5JTA5JTIwJTIwJTIwJTBBJTIwJTIwJTIwJTIwJTNDYXJlYSUyMHRhcmdldCUzRCUyMiUyMiUyMGlkJTNEJTIycGhhc2VfaWklMjIlMjBhbHQlM0QlMjIlMjIlMjB0aXRsZSUzRCUyMiUyMiUyMGhyZWYlM0QlMjIlMjIlMjBjb29yZHMlM0QlMjIzNzUlMkM0OTQlMkMzODklMkM1NDglMkM0MDElMkM1OTAlMkM0MzMlMkM1OTMlMkM0MzIlMkM1ODAlMkM0ODYlMkM1ODAlMkM1MDQlMkM2MzIlMkM0NjglMkM2MzYlMkM0ODklMkM2OTElMkM1MDclMkM2ODUlMkM1NzclMkM2ODYlMkM1NzglMkM2MzYlMkM2MDIlMkM2MzIlMkM2MDAlMkM1NDYlMkM0MjElMkM1NDUlMkM0MDIlMkM0OTMlMjIlMjBzaGFwZSUzRCUyMnBvbHklMjIlM0UlMEElMDklMEElMDklMEElMjAlMjAlMjAlMjAlM0NhcmVhJTIwdGFyZ2V0JTNEJTIyJTIyJTIwaWQlM0QlMjJwaGFzZV9pJTIyJTIwYWx0JTNEJTIyJTIyJTIwdGl0bGUlM0QlMjIlMjIlMjBocmVmJTNEJTIyJTIyJTIwY29vcmRzJTNEJTIyMzQ3JTJDNTQ4JTJDMzg3JTJDNTQ3JTJDNDAwJTJDNTk0JTJDNDM0JTJDNTkyJTJDNDM1JTJDNTgwJTJDNDg3JTJDNTgzJTJDNTA2JTJDNjMzJTJDNDcwJTJDNjM1JTJDNDg5JTJDNjkxJTJDNTA0JTJDNjg2JTJDNTM0JTJDNjg1JTJDNTM0JTJDNzM0JTJDNTY0JTJDODI3JTJDNTMwJTJDODMxJTJDNTEwJTJDODI1JTJDNTE4JTJDODU4JTJDNDkxJTJDODYxJTJDNDg1JTJDODI3JTJDNDM3JTJDODI1JTJDMzkxJTJDNjgyJTJDMzg2JTJDNjg4JTJDMzU4JTJDNjExJTJDMzY3JTJDNjA4JTIyJTIwc2hhcGUlM0QlMjJwb2x5JTIyJTNFJTBBJTA5JTBBJTIwJTIwJTIwJTIwJTNDYXJlYSUyMHRhcmdldCUzRCUyMiUyMiUyMGlkJTNEJTIycGhhc2VfaXYlMjIlMjBhbHQlM0QlMjIlMjIlMjB0aXRsZSUzRCUyMiUyMiUyMGhyZWYlM0QlMjIlMjIlMjBjb29yZHMlM0QlMjI2MDIlMkM1NDUlMkM2OTclMkM1NDQlMkM2OTQlMkM2MzIlMkM2NzklMkM2MzMlMkM2ODElMkM2NTIlMkM2OTklMkM2NTIlMkM2OTglMkM2NzklMkM3MDUlMkM2ODMlMkM3MDMlMkM4MjMlMkM1NjQlMkM4MjYlMkM1MzclMkM3MzQlMkM1MzglMkM2ODYlMkM1ODAlMkM2ODYlMkM1ODElMkM2MzQlMkM2MDIlMkM2MzQlMjIlMjBzaGFwZSUzRCUyMnBvbHklMjIlM0UlMEElMDklMEElMjAlMjAlMjAlMjAlM0NhcmVhJTIwdGFyZ2V0JTNEJTIyJTIyJTIwaWQlM0QlMjJwaGFzZV92aWklMjIlMjBhbHQlM0QlMjIlMjIlMjB0aXRsZSUzRCUyMiUyMiUyMGhyZWYlM0QlMjIlMjIlMjBjb29yZHMlM0QlMjI2OTYlMkM1NDclMkM3ODglMkM1NDMlMkM3OTIlMkM2MzAlMkM4MTMlMkM2MzQlMkM4MjIlMkM2MjclMkM4MzYlMkM2MjUlMkM4MzklMkM2NDUlMkM4NjAlMkM2NDglMkM4NjYlMkM4MjQlMkM3MDQlMkM4MjIlMkM3MTElMkM2ODclMkM2OTglMkM2ODElMkM2OTklMkM2NTQlMkM2ODIlMkM2NTMlMkM2ODAlMkM2MzYlMkM2OTUlMkM2MzUlMjIlMjBzaGFwZSUzRCUyMnBvbHklMjIlM0UlMEElMDklMEElMjAlMjAlMjAlMjAlM0NhcmVhJTIwdGFyZ2V0JTNEJTIyJTIyJTIwaWQlM0QlMjJwaGFzZV94aWlpJTIyJTIwYWx0JTNEJTIyJTIyJTIwdGl0bGUlM0QlMjIlMjIlMjBocmVmJTNEJTIyJTIyJTIwY29vcmRzJTNEJTIyNzkxJTJDNTQ1JTJDNzkxJTJDNjMyJTJDODA5JTJDNjM2JTJDODIxJTJDNjMwJTJDODM3JTJDNjI3JTJDODQxJTJDNjQ5JTJDMTA5OCUyQzY0OSUyQzEwOTglMkMxJTJDOTg4JTJDMyUyQzkyMyUyQzI2MiUyQzkyMiUyQzMyOSUyQzEwMTUlMkMzMjElMkMxMDEyJTJDNDE5JTJDOTgxJTJDNDIxJTJDOTc3JTJDNTMyJTJDOTQzJTJDNTMyJTJDOTM5JTJDNTQ0JTIyJTIwc2hhcGUlM0QlMjJwb2x5JTIyJTNFJTBBJTBBJTNDJTJGbWFwJTNF[\/vc_raw_html][vc_raw_js]JTNDc2NyaXB0JTIwdHlwZSUzRCUyMnRleHQlMkZqYXZhc2NyaXB0JTIyJTNFJTBBalF1ZXJ5JTI4ZG9jdW1lbnQlMjkucmVhZHklMjhmdW5jdGlvbiUyOCUyNCUyOSU3QiUwQSUwQSUyNCUyOCUyNyUyM3BoYXNlX3hpJTJDJTIwJTIzcGhhc2VfaWlpMiUyNyUyOS5jbGljayUyOGZ1bmN0aW9uJTI4JTI5JTIwJTdCJTBBJTIwJTIwd2luZG93LmxvY2F0aW9uJTIwJTNEJTIwJTI3aHR0cHMlM0ElMkYlMkZyaXZlY2VudHJlLmNvbSUyRmVuJTJGYnVpbGRlcnMlMkYlMjNjYXJ0aWVydmlsbGUlMjclMEElMjAlMjByZXR1cm4lMjBmYWxzZSUzQiUwQSU3RCUyOSUzQiUwQSUwQSUwQSUyNCUyOCUyNyUyM3BoYXNlX3hpaWklMjclMjkuY2xpY2slMjhmdW5jdGlvbiUyOCUyOSUyMCU3QiUwQSUwQSUyMHdpbmRvdy5sb2NhdGlvbiUyMCUzRCUyMCUyN2h0dHBzJTNBJTJGJTJGcml2ZWNlbnRyZS5jb20lMkZlbiUyRnBsYW4lMkYlMjNjb250YWN0JTI3JTBBJTIwJTIwcmV0dXJuJTIwZmFsc2UlM0IlMEElN0QlMjklM0IlMEElMEElMEElMEElN0QlMjklM0IlMEElMEElM0MlMkZzY3JpcHQlM0U=[\/vc_raw_js][\/vc_column][\/vc_row][vc_row el_class=&#8221;box-depot&#8221;][vc_column][mk_custom_box corner_radius=&#8221;3&#8243; margin_bottom=&#8221;0&#8243; min_height=&#8221;0&#8243; el_class=&#8221;map-box phase_iii&#8221; bg_color=&#8221;#ffffff&#8221; border_color_style=&#8221;gradient_color&#8221; border_width=&#8221;3&#8243; border_grandient_color_from=&#8221;#e5150e&#8221; border_grandient_color_to=&#8221;#59524e&#8221; drop_shadow=&#8221;true&#8221;][vc_column_text css=&#8221;.vc_custom_1510083705965{margin-bottom: 0px !important;}&#8221;]\n<h4 style=\"text-align: center;\">Phase III<\/h4>\n<p style=\"text-align: center;\">Coming soon<\/p>\n[\/vc_column_text][\/mk_custom_box][mk_custom_box corner_radius=&#8221;3&#8243; margin_bottom=&#8221;0&#8243; min_height=&#8221;0&#8243; el_class=&#8221;map-box phase_ix&#8221; bg_color=&#8221;#ffffff&#8221; border_color_style=&#8221;gradient_color&#8221; border_width=&#8221;3&#8243; border_grandient_color_from=&#8221;#e5150e&#8221; border_grandient_color_to=&#8221;#59524e&#8221; drop_shadow=&#8221;true&#8221;][vc_column_text css=&#8221;.vc_custom_1510083711408{margin-bottom: 0px !important;}&#8221;]\n<h4 style=\"text-align: center;\">Phase IX<\/h4>\n<p style=\"text-align: center;\">Coming soon<\/p>\n[\/vc_column_text][\/mk_custom_box][mk_custom_box corner_radius=&#8221;3&#8243; margin_bottom=&#8221;0&#8243; min_height=&#8221;0&#8243; el_class=&#8221;map-box phase_xiii&#8221; bg_color=&#8221;#ffffff&#8221; border_color_style=&#8221;gradient_color&#8221; border_width=&#8221;3&#8243; border_grandient_color_from=&#8221;#e5150e&#8221; border_grandient_color_to=&#8221;#59524e&#8221; drop_shadow=&#8221;true&#8221;][vc_column_text css=&#8221;.vc_custom_1604354502393{margin-bottom: 0px !important;}&#8221;]\n<h4 style=\"text-align: center;\">Rive 43 Nord<\/h4>\n<p style=\"text-align: center;\">Rental project coming soon<\/p>\n[\/vc_column_text][\/mk_custom_box][mk_custom_box corner_radius=&#8221;3&#8243; margin_bottom=&#8221;0&#8243; min_height=&#8221;0&#8243; el_class=&#8221;map-box phase_xii&#8221; bg_color=&#8221;#ffffff&#8221; border_color_style=&#8221;gradient_color&#8221; border_width=&#8221;3&#8243; border_grandient_color_from=&#8221;#e5150e&#8221; border_grandient_color_to=&#8221;#59524e&#8221; drop_shadow=&#8221;true&#8221;][vc_column_text css=&#8221;.vc_custom_1510239868910{margin-bottom: 0px !important;}&#8221;]\n<h4 style=\"text-align: center;\">Phase XII<\/h4>\n<p style=\"text-align: center;\">Coming soon<\/p>\n[\/vc_column_text][\/mk_custom_box][mk_custom_box corner_radius=&#8221;3&#8243; margin_bottom=&#8221;0&#8243; min_height=&#8221;0&#8243; el_class=&#8221;map-box phase_vi&#8221; bg_color=&#8221;#ffffff&#8221; border_color_style=&#8221;gradient_color&#8221; border_width=&#8221;3&#8243; border_grandient_color_from=&#8221;#e5150e&#8221; border_grandient_color_to=&#8221;#59524e&#8221; drop_shadow=&#8221;true&#8221;][vc_column_text css=&#8221;.vc_custom_1595438477667{margin-bottom: 0px !important;}&#8221;]\n<h4 style=\"text-align: center;\">Phase VI<\/h4>\n<p style=\"text-align: center;\">Sold<\/p>\n[\/vc_column_text][\/mk_custom_box][mk_custom_box corner_radius=&#8221;3&#8243; margin_bottom=&#8221;0&#8243; min_height=&#8221;0&#8243; el_class=&#8221;map-box phase_iii2&#8243; bg_color=&#8221;#ffffff&#8221; border_color_style=&#8221;gradient_color&#8221; border_width=&#8221;3&#8243; border_grandient_color_from=&#8221;#e5150e&#8221; border_grandient_color_to=&#8221;#59524e&#8221; drop_shadow=&#8221;true&#8221;][vc_column_text css=&#8221;.vc_custom_1510083857117{margin-bottom: 0px !important;}&#8221;]\n<h4 style=\"text-align: center;\">Phase III<\/h4>\n<p style=\"text-align: center;\">Detached overlooking<br \/>\nthe river.<\/p>\n[\/vc_column_text][\/mk_custom_box][mk_custom_box corner_radius=&#8221;3&#8243; margin_bottom=&#8221;0&#8243; min_height=&#8221;0&#8243; el_class=&#8221;map-box phase_v&#8221; bg_color=&#8221;#ffffff&#8221; border_color_style=&#8221;gradient_color&#8221; border_width=&#8221;3&#8243; border_grandient_color_from=&#8221;#e5150e&#8221; border_grandient_color_to=&#8221;#59524e&#8221; drop_shadow=&#8221;true&#8221;][vc_column_text css=&#8221;.vc_custom_1510083796104{margin-bottom: 0px !important;}&#8221;]\n<h4 style=\"text-align: center;\">Phase V<\/h4>\n<p style=\"text-align: center;\">Sold<\/p>\n[\/vc_column_text][\/mk_custom_box][mk_custom_box corner_radius=&#8221;3&#8243; margin_bottom=&#8221;0&#8243; min_height=&#8221;0&#8243; el_class=&#8221;map-box phase_xi&#8221; bg_color=&#8221;#ffffff&#8221; border_color_style=&#8221;gradient_color&#8221; border_width=&#8221;3&#8243; border_grandient_color_from=&#8221;#e5150e&#8221; border_grandient_color_to=&#8221;#59524e&#8221; drop_shadow=&#8221;true&#8221;][vc_column_text css=&#8221;.vc_custom_1648751229501{margin-bottom: 0px !important;}&#8221;]\n<h4 style=\"text-align: center;\">Phase XI<\/h4>\n<p style=\"text-align: center;\">Sold<\/p>\n[\/vc_column_text][\/mk_custom_box][mk_custom_box corner_radius=&#8221;3&#8243; margin_bottom=&#8221;0&#8243; min_height=&#8221;0&#8243; el_class=&#8221;map-box phase_x&#8221; bg_color=&#8221;#ffffff&#8221; border_color_style=&#8221;gradient_color&#8221; border_width=&#8221;3&#8243; border_grandient_color_from=&#8221;#e5150e&#8221; border_grandient_color_to=&#8221;#59524e&#8221; drop_shadow=&#8221;true&#8221;][vc_column_text css=&#8221;.vc_custom_1510239886652{margin-bottom: 0px !important;}&#8221;]\n<h4 style=\"text-align: center;\">Phase X<\/h4>\n<p style=\"text-align: center;\">Coming soon<\/p>\n[\/vc_column_text][\/mk_custom_box][mk_custom_box corner_radius=&#8221;3&#8243; margin_bottom=&#8221;0&#8243; min_height=&#8221;0&#8243; el_class=&#8221;map-box phase_i&#8221; bg_color=&#8221;#ffffff&#8221; border_color_style=&#8221;gradient_color&#8221; border_width=&#8221;3&#8243; border_grandient_color_from=&#8221;#e5150e&#8221; border_grandient_color_to=&#8221;#59524e&#8221; drop_shadow=&#8221;true&#8221;][vc_column_text css=&#8221;.vc_custom_1510083921376{margin-bottom: 0px !important;}&#8221;]\n<h4 style=\"text-align: center;\">Phase I<\/h4>\n<p style=\"text-align: center;\">Sold<\/p>\n[\/vc_column_text][\/mk_custom_box][mk_custom_box corner_radius=&#8221;3&#8243; margin_bottom=&#8221;0&#8243; min_height=&#8221;0&#8243; el_class=&#8221;map-box phase_ii&#8221; bg_color=&#8221;#ffffff&#8221; border_color_style=&#8221;gradient_color&#8221; border_width=&#8221;3&#8243; border_grandient_color_from=&#8221;#e5150e&#8221; border_grandient_color_to=&#8221;#59524e&#8221; drop_shadow=&#8221;true&#8221;][vc_column_text css=&#8221;.vc_custom_1510083926540{margin-bottom: 0px !important;}&#8221;]\n<h4 style=\"text-align: center;\">Phase II<\/h4>\n<p style=\"text-align: center;\">Sold<\/p>\n[\/vc_column_text][\/mk_custom_box][mk_custom_box corner_radius=&#8221;3&#8243; margin_bottom=&#8221;0&#8243; min_height=&#8221;0&#8243; el_class=&#8221;map-box phase_iv&#8221; bg_color=&#8221;#ffffff&#8221; border_color_style=&#8221;gradient_color&#8221; border_width=&#8221;3&#8243; border_grandient_color_from=&#8221;#e5150e&#8221; border_grandient_color_to=&#8221;#59524e&#8221; drop_shadow=&#8221;true&#8221;][vc_column_text css=&#8221;.vc_custom_1510083784871{margin-bottom: 0px !important;}&#8221;]\n<h4 style=\"text-align: center;\">Phase IV<\/h4>\n<p style=\"text-align: center;\">Sold<\/p>\n[\/vc_column_text][\/mk_custom_box][mk_custom_box corner_radius=&#8221;3&#8243; margin_bottom=&#8221;0&#8243; min_height=&#8221;0&#8243; el_class=&#8221;map-box phase_vii&#8221; bg_color=&#8221;#ffffff&#8221; border_color_style=&#8221;gradient_color&#8221; border_width=&#8221;3&#8243; border_grandient_color_from=&#8221;#e5150e&#8221; border_grandient_color_to=&#8221;#59524e&#8221; drop_shadow=&#8221;true&#8221;][vc_column_text css=&#8221;.vc_custom_1595438455066{margin-bottom: 0px !important;}&#8221;]\n<h4 style=\"text-align: center;\">Phase VII<\/h4>\n<p style=\"text-align: center;\">Sold<\/p>\n[\/vc_column_text][\/mk_custom_box][mk_custom_box corner_radius=&#8221;3&#8243; margin_bottom=&#8221;0&#8243; min_height=&#8221;0&#8243; el_class=&#8221;map-box phase_viii&#8221; bg_color=&#8221;#ffffff&#8221; border_color_style=&#8221;gradient_color&#8221; border_width=&#8221;3&#8243; border_grandient_color_from=&#8221;#e5150e&#8221; border_grandient_color_to=&#8221;#59524e&#8221; drop_shadow=&#8221;true&#8221;][vc_column_text css=&#8221;.vc_custom_1510340724999{margin-bottom: 0px !important;}&#8221;]\n<h4 style=\"text-align: center;\">Phase VIII<\/h4>\n<p style=\"text-align: center;\">Coming soon<\/p>\n[\/vc_column_text][\/mk_custom_box][\/vc_column][\/vc_row][vc_row][vc_column][vc_column_text css=&#8221;.vc_custom_1604327172496{margin-bottom: 0px !important;}&#8221;]<a name=\"contact\"><\/a>[\/vc_column_text][\/vc_column][\/vc_row]\n","protected":false},"excerpt":{"rendered":"<p>[vc_row fullwidth=&#8221;true&#8221; fullwidth_content=&#8221;false&#8221; el_class=&#8221;header-plan large-padding-top-bottom&#8221;][vc_column][vc_custom_heading text=&#8221;RIVE-CENTRE PROJECT PLAN&#8221; font_container=&#8221;tag:h1|font_size:24|text_align:left|color:%23262626&#8243; use_theme_fonts=&#8221;yes&#8221; css=&#8221;.vc_custom_1510083525447{margin-left: 0px !important;padding-right: 15px !important;padding-left: 15px !important;}&#8221;][vc_column_text css=&#8221;.vc_custom_1620312917802{margin-bottom: 0px !important;padding-right: 15px !important;padding-left: 15px !important;}&#8221;]Rive-Centre spreads over several distinct phases, integrated into their environment, and surrounded by vast green spaces. Phases 1, 2, 4, 5, 6, and 7 have been completed. Phases 3 and 11, which [&hellip;]<\/p>\n","protected":false},"author":1,"featured_media":0,"parent":0,"menu_order":0,"comment_status":"closed","ping_status":"open","template":"","meta":[],"yoast_head":"<!-- This site is optimized with the Yoast SEO plugin v18.4.1 - https:\/\/yoast.com\/wordpress\/plugins\/seo\/ -->\n<title>Rive-Centre | Project plan for new homes in Montr\u00e9al<\/title>\n<meta name=\"description\" content=\"Discover the overall Rive-Centre project plan, located in Montr\u00e9al, on the banks of Rivi\u00e8re des Prairies\" \/>\n<meta name=\"robots\" content=\"index, follow, max-snippet:-1, max-image-preview:large, max-video-preview:-1\" \/>\n<link rel=\"canonical\" href=\"https:\/\/rivecentre.com\/en\/plan\/\" \/>\n<meta property=\"og:locale\" content=\"en_US\" \/>\n<meta property=\"og:type\" content=\"article\" \/>\n<meta property=\"og:title\" content=\"Rive-Centre | Project plan for new homes in Montr\u00e9al\" \/>\n<meta property=\"og:description\" content=\"Discover the overall Rive-Centre project plan, located in Montr\u00e9al, on the banks of Rivi\u00e8re des Prairies\" \/>\n<meta property=\"og:url\" content=\"https:\/\/rivecentre.com\/en\/plan\/\" \/>\n<meta property=\"og:site_name\" content=\"Rive-Centre\" \/>\n<meta property=\"article:modified_time\" content=\"2022-03-31T18:27:14+00:00\" \/>\n<meta name=\"twitter:card\" content=\"summary\" \/>\n<meta name=\"twitter:label1\" content=\"Est. reading time\" \/>\n\t<meta name=\"twitter:data1\" content=\"2 minutes\" \/>\n<script type=\"application\/ld+json\" class=\"yoast-schema-graph\">{\"@context\":\"https:\/\/schema.org\",\"@graph\":[{\"@type\":\"WebSite\",\"@id\":\"https:\/\/rivecentre.com\/#website\",\"url\":\"https:\/\/rivecentre.com\/\",\"name\":\"Rive-Centre\",\"description\":\"Propri\u00e9t\u00e9s familiales neuves et abordables \u00e0 Montr\u00e9al\",\"potentialAction\":[{\"@type\":\"SearchAction\",\"target\":{\"@type\":\"EntryPoint\",\"urlTemplate\":\"https:\/\/rivecentre.com\/?s={search_term_string}\"},\"query-input\":\"required name=search_term_string\"}],\"inLanguage\":\"en-US\"},{\"@type\":\"WebPage\",\"@id\":\"https:\/\/rivecentre.com\/en\/plan\/#webpage\",\"url\":\"https:\/\/rivecentre.com\/en\/plan\/\",\"name\":\"Rive-Centre | Project plan for new homes in Montr\u00e9al\",\"isPartOf\":{\"@id\":\"https:\/\/rivecentre.com\/#website\"},\"datePublished\":\"2017-11-06T20:29:48+00:00\",\"dateModified\":\"2022-03-31T18:27:14+00:00\",\"description\":\"Discover the overall Rive-Centre project plan, located in Montr\u00e9al, on the banks of Rivi\u00e8re des Prairies\",\"breadcrumb\":{\"@id\":\"https:\/\/rivecentre.com\/en\/plan\/#breadcrumb\"},\"inLanguage\":\"en-US\",\"potentialAction\":[{\"@type\":\"ReadAction\",\"target\":[\"https:\/\/rivecentre.com\/en\/plan\/\"]}]},{\"@type\":\"BreadcrumbList\",\"@id\":\"https:\/\/rivecentre.com\/en\/plan\/#breadcrumb\",\"itemListElement\":[{\"@type\":\"ListItem\",\"position\":1,\"name\":\"Home\",\"item\":\"https:\/\/rivecentre.com\/en\/\"},{\"@type\":\"ListItem\",\"position\":2,\"name\":\"Project plan\"}]}]}<\/script>\n<!-- \/ Yoast SEO plugin. -->","yoast_head_json":{"title":"Rive-Centre | Project plan for new homes in Montr\u00e9al","description":"Discover the overall Rive-Centre project plan, located in Montr\u00e9al, on the banks of Rivi\u00e8re des Prairies","robots":{"index":"index","follow":"follow","max-snippet":"max-snippet:-1","max-image-preview":"max-image-preview:large","max-video-preview":"max-video-preview:-1"},"canonical":"https:\/\/rivecentre.com\/en\/plan\/","og_locale":"en_US","og_type":"article","og_title":"Rive-Centre | Project plan for new homes in Montr\u00e9al","og_description":"Discover the overall Rive-Centre project plan, located in Montr\u00e9al, on the banks of Rivi\u00e8re des Prairies","og_url":"https:\/\/rivecentre.com\/en\/plan\/","og_site_name":"Rive-Centre","article_modified_time":"2022-03-31T18:27:14+00:00","twitter_card":"summary","twitter_misc":{"Est. reading time":"2 minutes"},"schema":{"@context":"https:\/\/schema.org","@graph":[{"@type":"WebSite","@id":"https:\/\/rivecentre.com\/#website","url":"https:\/\/rivecentre.com\/","name":"Rive-Centre","description":"Propri\u00e9t\u00e9s familiales neuves et abordables \u00e0 Montr\u00e9al","potentialAction":[{"@type":"SearchAction","target":{"@type":"EntryPoint","urlTemplate":"https:\/\/rivecentre.com\/?s={search_term_string}"},"query-input":"required name=search_term_string"}],"inLanguage":"en-US"},{"@type":"WebPage","@id":"https:\/\/rivecentre.com\/en\/plan\/#webpage","url":"https:\/\/rivecentre.com\/en\/plan\/","name":"Rive-Centre | Project plan for new homes in Montr\u00e9al","isPartOf":{"@id":"https:\/\/rivecentre.com\/#website"},"datePublished":"2017-11-06T20:29:48+00:00","dateModified":"2022-03-31T18:27:14+00:00","description":"Discover the overall Rive-Centre project plan, located in Montr\u00e9al, on the banks of Rivi\u00e8re des Prairies","breadcrumb":{"@id":"https:\/\/rivecentre.com\/en\/plan\/#breadcrumb"},"inLanguage":"en-US","potentialAction":[{"@type":"ReadAction","target":["https:\/\/rivecentre.com\/en\/plan\/"]}]},{"@type":"BreadcrumbList","@id":"https:\/\/rivecentre.com\/en\/plan\/#breadcrumb","itemListElement":[{"@type":"ListItem","position":1,"name":"Home","item":"https:\/\/rivecentre.com\/en\/"},{"@type":"ListItem","position":2,"name":"Project plan"}]}]}},"_links":{"self":[{"href":"https:\/\/rivecentre.com\/en\/wp-json\/wp\/v2\/pages\/318"}],"collection":[{"href":"https:\/\/rivecentre.com\/en\/wp-json\/wp\/v2\/pages"}],"about":[{"href":"https:\/\/rivecentre.com\/en\/wp-json\/wp\/v2\/types\/page"}],"author":[{"embeddable":true,"href":"https:\/\/rivecentre.com\/en\/wp-json\/wp\/v2\/users\/1"}],"replies":[{"embeddable":true,"href":"https:\/\/rivecentre.com\/en\/wp-json\/wp\/v2\/comments?post=318"}],"version-history":[{"count":33,"href":"https:\/\/rivecentre.com\/en\/wp-json\/wp\/v2\/pages\/318\/revisions"}],"predecessor-version":[{"id":681,"href":"https:\/\/rivecentre.com\/en\/wp-json\/wp\/v2\/pages\/318\/revisions\/681"}],"wp:attachment":[{"href":"https:\/\/rivecentre.com\/en\/wp-json\/wp\/v2\/media?parent=318"}],"curies":[{"name":"wp","href":"https:\/\/api.w.org\/{rel}","templated":true}]}}