{"id":323,"date":"2017-11-06T10:35:06","date_gmt":"2017-11-06T15:35:06","guid":{"rendered":"http:\/\/rivecentre.com\/quartier\/"},"modified":"2020-11-02T17:02:19","modified_gmt":"2020-11-02T22:02:19","slug":"neighbourhood","status":"publish","type":"page","link":"https:\/\/rivecentre.com\/en\/neighbourhood\/","title":{"rendered":"Neighbourhood"},"content":{"rendered":"[vc_row fullwidth=&#8221;true&#8221; fullwidth_content=&#8221;false&#8221; css=&#8221;.vc_custom_1510755556239{background-image: url(http:\/\/rivecentre.com\/wp-content\/uploads\/2017\/11\/bgtop.jpg?id=165) !important;background-position: center !important;background-repeat: no-repeat !important;background-size: cover !important;}&#8221; el_class=&#8221;large-padding-top-bottom&#8221;][vc_column][vc_custom_heading text=&#8221;An exceptional family neighbourhood in Montr\u00e9al&#8221; font_container=&#8221;tag:h1|font_size:24|text_align:left|color:%23ffffff&#8221; use_theme_fonts=&#8221;yes&#8221; css=&#8221;.vc_custom_1510341623588{margin-bottom: 40px !important;margin-left: 0px !important;padding-right: 15px !important;padding-left: 15px !important;}&#8221;][vc_row_inner][vc_column_inner width=&#8221;1\/2&#8243;][vc_column_text css=&#8221;.vc_custom_1510341617752{margin-bottom: 0px !important;padding-top: 60px !important;padding-right: 50px !important;padding-bottom: 60px !important;padding-left: 50px !important;background-color: #ffffff !important;}&#8221;]Rive-Centre provides a safe family neighbourhood, close to all services, and integrated into an exceptional setting, near Rivi\u00e8re des Prairies river. Offering contemporary or classic living environments, each project dwelling fits into a harmonious and intelligent whole, a sign of thoughtful urbanization. Thanks to a street grid that integrates squares and crescents, Rive-Centre ensures tranquility, privacy and reduced traffic flow.[\/vc_column_text][\/vc_column_inner][vc_column_inner width=&#8221;1\/2&#8243;][vc_column_text el_class=&#8221;list-red-dots&#8221; css=&#8221;.vc_custom_1604354533664{margin-bottom: 0px !important;padding-top: 80px !important;}&#8221;]\n<ul>\n<li>The scope of this sizeable real estate project ensures the development of a range of services and local activities for current and future residents. These will include a specialty grocery store, a day care centre, a pharmacy, medical services, a dry cleaner, a coffee shop, and more.<\/li>\n<li>On the transportation side, Rive-Centre enjoys an ideal location, close to major highways, as well as to the commuter train station. And above all, you won\u2019t have to cross a bridge to get downtown!<\/li>\n<\/ul>\n[\/vc_column_text][\/vc_column_inner][\/vc_row_inner][\/vc_column][\/vc_row][vc_row fullwidth=&#8221;true&#8221; fullwidth_content=&#8221;false&#8221; equal_columns=&#8221;true&#8221; el_class=&#8221;bg-img-row bg-logo-white-left&#8221; css=&#8221;.vc_custom_1509985127702{padding-top: 80px !important;padding-bottom: 80px !important;}&#8221;][vc_column width=&#8221;1\/2&#8243; css=&#8221;.vc_custom_1509984673889{background-position: 0 0 !important;background-repeat: no-repeat !important;}&#8221;][vc_column_text css=&#8221;.vc_custom_1510084122804{margin-bottom: 0px !important;}&#8221;]\n<h2>Discover nature in the city<\/h2>\n<p>Developed in the heart of a wooded, peaceful and quiet area, Rive-Centre invites you to enjoy ongoing contact with the surrounding nature. Adjacent to two exceptional parks, the renowned Pointe-aux-Prairies Nature Park and Cageux Park, you can enjoy cycling paths, the Club de Golf de l&#8217;\u00cele de Montr\u00e9al, children\u2019s facilities, as well as the relaxing banks of Rivi\u00e8res des Prairies.<\/p>\n<p>Area landscaping has been meticulously planned and controlled in order to harmonize perfectly with nature and provide access to green spaces.<\/p>\n<p>Thanks to intelligent site planning, Rive-Centre opens its doors to a \u00ab green village \u00bb in the heart of the city![\/vc_column_text][\/vc_column][vc_column width=&#8221;1\/2&#8243;][mk_custom_box padding_horizental=&#8221;0&#8243; margin_bottom=&#8221;0&#8243; min_height=&#8221;281&#8243; bg_image=&#8221;http:\/\/rivecentre.com\/wp-content\/uploads\/2017\/11\/img4.jpg&#8221; bg_stretch=&#8221;true&#8221;][\/mk_custom_box][\/vc_column][\/vc_row][vc_row fullwidth=&#8221;true&#8221;][vc_column][vc_single_image image=&#8221;191&#8243; img_size=&#8221;full&#8221; alignment=&#8221;center&#8221; css_animation=&#8221;slideInRight&#8221; el_class=&#8221;fullwidth-img&#8221; css=&#8221;.vc_custom_1509985321304{margin-bottom: 0px !important;}&#8221;][\/vc_column][\/vc_row]\n","protected":false},"excerpt":{"rendered":"<p>[vc_row fullwidth=&#8221;true&#8221; fullwidth_content=&#8221;false&#8221; css=&#8221;.vc_custom_1510755556239{background-image: url(http:\/\/rivecentre.com\/wp-content\/uploads\/2017\/11\/bgtop.jpg?id=165) !important;background-position: center !important;background-repeat: no-repeat !important;background-size: cover !important;}&#8221; el_class=&#8221;large-padding-top-bottom&#8221;][vc_column][vc_custom_heading text=&#8221;An exceptional family neighbourhood in Montr\u00e9al&#8221; font_container=&#8221;tag:h1|font_size:24|text_align:left|color:%23ffffff&#8221; use_theme_fonts=&#8221;yes&#8221; css=&#8221;.vc_custom_1510341623588{margin-bottom: 40px !important;margin-left: 0px !important;padding-right: 15px !important;padding-left: 15px !important;}&#8221;][vc_row_inner][vc_column_inner width=&#8221;1\/2&#8243;][vc_column_text css=&#8221;.vc_custom_1510341617752{margin-bottom: 0px !important;padding-top: 60px !important;padding-right: 50px !important;padding-bottom: 60px !important;padding-left: 50px !important;background-color: #ffffff !important;}&#8221;]Rive-Centre provides a safe family neighbourhood, close to all services, and integrated [&hellip;]<\/p>\n","protected":false},"author":1,"featured_media":0,"parent":0,"menu_order":0,"comment_status":"closed","ping_status":"open","template":"","meta":[],"yoast_head":"<!-- This site is optimized with the Yoast SEO plugin v18.4.1 - https:\/\/yoast.com\/wordpress\/plugins\/seo\/ -->\n<title>Rive-Centre | A family neighbourhood in Montr\u00e9al<\/title>\n<meta name=\"description\" content=\"Rive-Centre is located in Montr\u00e9al, near Rivi\u00e8re des Prairies, in a safe family setting.\" \/>\n<meta name=\"robots\" content=\"index, follow, max-snippet:-1, max-image-preview:large, max-video-preview:-1\" \/>\n<link rel=\"canonical\" href=\"https:\/\/rivecentre.com\/en\/neighbourhood\/\" \/>\n<meta property=\"og:locale\" content=\"en_US\" \/>\n<meta property=\"og:type\" content=\"article\" \/>\n<meta property=\"og:title\" content=\"Rive-Centre | A family neighbourhood in Montr\u00e9al\" \/>\n<meta property=\"og:description\" content=\"Rive-Centre is located in Montr\u00e9al, near Rivi\u00e8re des Prairies, in a safe family setting.\" \/>\n<meta property=\"og:url\" content=\"https:\/\/rivecentre.com\/en\/neighbourhood\/\" \/>\n<meta property=\"og:site_name\" content=\"Rive-Centre\" \/>\n<meta property=\"article:modified_time\" content=\"2020-11-02T22:02:19+00:00\" \/>\n<meta name=\"twitter:card\" content=\"summary\" \/>\n<meta name=\"twitter:label1\" content=\"Est. reading time\" \/>\n\t<meta name=\"twitter:data1\" content=\"3 minutes\" \/>\n<script type=\"application\/ld+json\" class=\"yoast-schema-graph\">{\"@context\":\"https:\/\/schema.org\",\"@graph\":[{\"@type\":\"WebSite\",\"@id\":\"https:\/\/rivecentre.com\/#website\",\"url\":\"https:\/\/rivecentre.com\/\",\"name\":\"Rive-Centre\",\"description\":\"Propri\u00e9t\u00e9s familiales neuves et abordables \u00e0 Montr\u00e9al\",\"potentialAction\":[{\"@type\":\"SearchAction\",\"target\":{\"@type\":\"EntryPoint\",\"urlTemplate\":\"https:\/\/rivecentre.com\/?s={search_term_string}\"},\"query-input\":\"required name=search_term_string\"}],\"inLanguage\":\"en-US\"},{\"@type\":\"WebPage\",\"@id\":\"https:\/\/rivecentre.com\/en\/neighbourhood\/#webpage\",\"url\":\"https:\/\/rivecentre.com\/en\/neighbourhood\/\",\"name\":\"Rive-Centre | A family neighbourhood in Montr\u00e9al\",\"isPartOf\":{\"@id\":\"https:\/\/rivecentre.com\/#website\"},\"datePublished\":\"2017-11-06T15:35:06+00:00\",\"dateModified\":\"2020-11-02T22:02:19+00:00\",\"description\":\"Rive-Centre is located in Montr\u00e9al, near Rivi\u00e8re des Prairies, in a safe family setting.\",\"breadcrumb\":{\"@id\":\"https:\/\/rivecentre.com\/en\/neighbourhood\/#breadcrumb\"},\"inLanguage\":\"en-US\",\"potentialAction\":[{\"@type\":\"ReadAction\",\"target\":[\"https:\/\/rivecentre.com\/en\/neighbourhood\/\"]}]},{\"@type\":\"BreadcrumbList\",\"@id\":\"https:\/\/rivecentre.com\/en\/neighbourhood\/#breadcrumb\",\"itemListElement\":[{\"@type\":\"ListItem\",\"position\":1,\"name\":\"Home\",\"item\":\"https:\/\/rivecentre.com\/en\/\"},{\"@type\":\"ListItem\",\"position\":2,\"name\":\"Neighbourhood\"}]}]}<\/script>\n<!-- \/ Yoast SEO plugin. -->","yoast_head_json":{"title":"Rive-Centre | A family neighbourhood in Montr\u00e9al","description":"Rive-Centre is located in Montr\u00e9al, near Rivi\u00e8re des Prairies, in a safe family setting.","robots":{"index":"index","follow":"follow","max-snippet":"max-snippet:-1","max-image-preview":"max-image-preview:large","max-video-preview":"max-video-preview:-1"},"canonical":"https:\/\/rivecentre.com\/en\/neighbourhood\/","og_locale":"en_US","og_type":"article","og_title":"Rive-Centre | A family neighbourhood in Montr\u00e9al","og_description":"Rive-Centre is located in Montr\u00e9al, near Rivi\u00e8re des Prairies, in a safe family setting.","og_url":"https:\/\/rivecentre.com\/en\/neighbourhood\/","og_site_name":"Rive-Centre","article_modified_time":"2020-11-02T22:02:19+00:00","twitter_card":"summary","twitter_misc":{"Est. reading time":"3 minutes"},"schema":{"@context":"https:\/\/schema.org","@graph":[{"@type":"WebSite","@id":"https:\/\/rivecentre.com\/#website","url":"https:\/\/rivecentre.com\/","name":"Rive-Centre","description":"Propri\u00e9t\u00e9s familiales neuves et abordables \u00e0 Montr\u00e9al","potentialAction":[{"@type":"SearchAction","target":{"@type":"EntryPoint","urlTemplate":"https:\/\/rivecentre.com\/?s={search_term_string}"},"query-input":"required name=search_term_string"}],"inLanguage":"en-US"},{"@type":"WebPage","@id":"https:\/\/rivecentre.com\/en\/neighbourhood\/#webpage","url":"https:\/\/rivecentre.com\/en\/neighbourhood\/","name":"Rive-Centre | A family neighbourhood in Montr\u00e9al","isPartOf":{"@id":"https:\/\/rivecentre.com\/#website"},"datePublished":"2017-11-06T15:35:06+00:00","dateModified":"2020-11-02T22:02:19+00:00","description":"Rive-Centre is located in Montr\u00e9al, near Rivi\u00e8re des Prairies, in a safe family setting.","breadcrumb":{"@id":"https:\/\/rivecentre.com\/en\/neighbourhood\/#breadcrumb"},"inLanguage":"en-US","potentialAction":[{"@type":"ReadAction","target":["https:\/\/rivecentre.com\/en\/neighbourhood\/"]}]},{"@type":"BreadcrumbList","@id":"https:\/\/rivecentre.com\/en\/neighbourhood\/#breadcrumb","itemListElement":[{"@type":"ListItem","position":1,"name":"Home","item":"https:\/\/rivecentre.com\/en\/"},{"@type":"ListItem","position":2,"name":"Neighbourhood"}]}]}},"_links":{"self":[{"href":"https:\/\/rivecentre.com\/en\/wp-json\/wp\/v2\/pages\/323"}],"collection":[{"href":"https:\/\/rivecentre.com\/en\/wp-json\/wp\/v2\/pages"}],"about":[{"href":"https:\/\/rivecentre.com\/en\/wp-json\/wp\/v2\/types\/page"}],"author":[{"embeddable":true,"href":"https:\/\/rivecentre.com\/en\/wp-json\/wp\/v2\/users\/1"}],"replies":[{"embeddable":true,"href":"https:\/\/rivecentre.com\/en\/wp-json\/wp\/v2\/comments?post=323"}],"version-history":[{"count":7,"href":"https:\/\/rivecentre.com\/en\/wp-json\/wp\/v2\/pages\/323\/revisions"}],"predecessor-version":[{"id":576,"href":"https:\/\/rivecentre.com\/en\/wp-json\/wp\/v2\/pages\/323\/revisions\/576"}],"wp:attachment":[{"href":"https:\/\/rivecentre.com\/en\/wp-json\/wp\/v2\/media?parent=323"}],"curies":[{"name":"wp","href":"https:\/\/api.w.org\/{rel}","templated":true}]}}