{"id":327,"date":"2017-11-06T11:45:41","date_gmt":"2017-11-06T16:45:41","guid":{"rendered":"http:\/\/rivecentre.com\/constructeurs\/"},"modified":"2022-03-31T13:18:38","modified_gmt":"2022-03-31T18:18:38","slug":"builders","status":"publish","type":"page","link":"https:\/\/rivecentre.com\/en\/builders\/","title":{"rendered":"Builders"},"content":{"rendered":"[vc_row fullwidth=&#8221;true&#8221; fullwidth_content=&#8221;false&#8221; css=&#8221;.vc_custom_1510755838377{background-color: #e6e6e6 !important;}&#8221; el_class=&#8221;large-padding-top-bottom&#8221;][vc_column][vc_custom_heading text=&#8221;The Rive-Centre builders&#8221; font_container=&#8221;tag:h1|font_size:24|text_align:left|color:%23262626&#8243; use_theme_fonts=&#8221;yes&#8221; css=&#8221;.vc_custom_1510084191343{margin-left: 0px !important;padding-right: 15px !important;padding-left: 15px !important;}&#8221;][vc_column_text css=&#8221;.vc_custom_1604354632310{margin-bottom: 0px !important;padding-right: 15px !important;padding-left: 15px !important;}&#8221;]<strong>Rive-Centre, it\u2019s the culmination of a shared passion of leaders renowned for their know-how and for the superior quality of their constructions. Meet these key project players.<\/strong>[\/vc_column_text][\/vc_column][\/vc_row][vc_row][vc_column css=&#8221;.vc_custom_1603482143929{padding-left: 0px !important;}&#8221;][vc_row_inner][vc_column_inner][vc_empty_space height=&#8221;40px&#8221;][vc_column_text disable_pattern=&#8221;false&#8221; align=&#8221;center&#8221; css=&#8221;.vc_custom_1604327679524{margin-bottom: 0px !important;}&#8221;]Two magnificent lots available for the construction of prestigious homes along the Rivi\u00e8re des Prairies.[\/vc_column_text][mk_button dimension=&#8221;flat&#8221; size=&#8221;medium&#8221; url=&#8221;http:\/\/profusionimmo.ca\/propriete\/details\/20995127&#8243; target=&#8221;_blank&#8221; align=&#8221;center&#8221;]For more information[\/mk_button][vc_empty_space height=&#8221;40px&#8221;][\/vc_column_inner][\/vc_row_inner][vc_row_inner][vc_column_inner width=&#8221;1\/2&#8243; css=&#8221;.vc_custom_1603482133925{padding-left: 10px !important;}&#8221;][vc_single_image image=&#8221;491&#8243; img_size=&#8221;full&#8221; alignment=&#8221;center&#8221;][\/vc_column_inner][vc_column_inner width=&#8221;1\/2&#8243;][vc_single_image image=&#8221;495&#8243; img_size=&#8221;full&#8221; alignment=&#8221;center&#8221;][\/vc_column_inner][\/vc_row_inner][vc_row_inner][vc_column_inner width=&#8221;1\/2&#8243; css=&#8221;.vc_custom_1603482139078{padding-left: 10px !important;}&#8221;][vc_single_image image=&#8221;493&#8243; img_size=&#8221;full&#8221; alignment=&#8221;center&#8221;][\/vc_column_inner][vc_column_inner width=&#8221;1\/2&#8243;][vc_single_image image=&#8221;489&#8243; img_size=&#8221;full&#8221; alignment=&#8221;center&#8221;][\/vc_column_inner][\/vc_row_inner][\/vc_column][\/vc_row][vc_row disable_element=&#8221;yes&#8221;][vc_column][vc_empty_space height=&#8221;60px&#8221;][vc_separator el_width=&#8221;70&#8243;][\/vc_column][\/vc_row][vc_row equal_columns=&#8221;true&#8221; disable_element=&#8221;yes&#8221; css=&#8221;.vc_custom_1648750666393{padding-top: 80px !important;padding-bottom: 80px !important;}&#8221; id=&#8221;cartierville&#8221;][vc_column][vc_row_inner][vc_column_inner width=&#8221;1\/2&#8243; css=&#8221;.vc_custom_1604328090604{padding-left: 0px !important;}&#8221;][mk_image src=&#8221;http:\/\/rivecentre.com\/wp-content\/uploads\/2017\/11\/bloc1.jpg&#8221; image_size=&#8221;full&#8221; margin_bottom=&#8221;25&#8243;][\/vc_column_inner][vc_column_inner width=&#8221;1\/2&#8243;][mk_image src=&#8221;http:\/\/rivecentre.com\/wp-content\/uploads\/2017\/11\/bloc2.jpg&#8221; image_size=&#8221;full&#8221; title=&#8221;Classic style, semi-detached homes&#8221; margin_bottom=&#8221;30&#8243;][\/vc_column_inner][\/vc_row_inner][vc_column_text css=&#8221;.vc_custom_1510089272788{margin-bottom: 100px !important;}&#8221;]\n<h2>GROUPE CARTIERVILLE<\/h2>\n<p>Groupe Cartierville is a developer and builder that has worked in the field of residential real estate in Montr\u00e9al for over 20 years. Recognized for the quality of its construction, Groupe Cartierville strives to offer a wide variety of properties, ranging from the most affordable to the most luxurious. Groupe Cartierville homes are an excellent investment for anyone looking for a property in the most sought after areas of the city. Every home built by Groupe Cartierville meets the highest quality residential construction standards. Groupe Cartierville, a trusted builder![\/vc_column_text][mk_button dimension=&#8221;flat&#8221; size=&#8221;large&#8221; url=&#8221;https:\/\/cartierville.ca\/ours-project&#8221; target=&#8221;_blank&#8221; margin_bottom=&#8221;40&#8243; margin_right=&#8221;0&#8243; el_class=&#8221;btn-bottom&#8221;]Website[\/mk_button][\/vc_column][\/vc_row][vc_row equal_columns=&#8221;true&#8221; disable_element=&#8221;yes&#8221; css=&#8221;.vc_custom_1603482207358{padding-top: 80px !important;padding-bottom: 80px !important;}&#8221;][vc_column width=&#8221;1\/2&#8243;][mk_image src=&#8221;http:\/\/rivecentre.com\/wp-content\/uploads\/2017\/11\/bloc1.jpg&#8221; image_size=&#8221;full&#8221; margin_bottom=&#8221;25&#8243;][mk_image src=&#8221;http:\/\/rivecentre.com\/wp-content\/uploads\/2017\/11\/bloc2.jpg&#8221; image_size=&#8221;full&#8221; title=&#8221;Classic style, semi-detached homes&#8221; margin_bottom=&#8221;30&#8243;][vc_column_text css=&#8221;.vc_custom_1510089272788{margin-bottom: 100px !important;}&#8221;]\n<h2>GROUPE CARTIERVILLE<\/h2>\n<p>Groupe Cartierville is a developer and builder that has worked in the field of residential real estate in Montr\u00e9al for over 20 years. Recognized for the quality of its construction, Groupe Cartierville strives to offer a wide variety of properties, ranging from the most affordable to the most luxurious. Groupe Cartierville homes are an excellent investment for anyone looking for a property in the most sought after areas of the city. Every home built by Groupe Cartierville meets the highest quality residential construction standards. Groupe Cartierville, a trusted builder![\/vc_column_text][mk_button dimension=&#8221;flat&#8221; size=&#8221;large&#8221; url=&#8221;https:\/\/cartierville.ca\/ours-project&#8221; target=&#8221;_blank&#8221; margin_bottom=&#8221;40&#8243; margin_right=&#8221;0&#8243; el_class=&#8221;btn-bottom&#8221;]Website[\/mk_button][\/vc_column][vc_column width=&#8221;1\/2&#8243;][\/vc_column][\/vc_row][vc_row equal_columns=&#8221;true&#8221; disable_element=&#8221;yes&#8221; css=&#8221;.vc_custom_1591967025242{padding-top: 0px !important;padding-bottom: 80px !important;}&#8221;][vc_column width=&#8221;1\/2&#8243;][mk_image src=&#8221;http:\/\/rivecentre.com\/wp-content\/uploads\/2017\/11\/bloc5.jpg&#8221; image_size=&#8221;full&#8221; margin_bottom=&#8221;25&#8243;][mk_image src=&#8221;http:\/\/rivecentre.com\/wp-content\/uploads\/2017\/11\/bloc6.jpg&#8221; image_size=&#8221;full&#8221; title=&#8221;Contemporary style single-family homes&#8221; margin_bottom=&#8221;30&#8243;][vc_column_text css=&#8221;.vc_custom_1510089284396{margin-bottom: 100px !important;}&#8221;]\n<h2>CHRISTIAN ALEXANDRE CONSTRUCTION<\/h2>\n<p>Christian Alexandre Construction offers families new and personalized single-family homes. Focusing on neighbourhoods tailored to their needs and emphasizing green spaces, Christian Alexandre Construction produces high-quality, comfortable, intelligently-designed buildings that feature contemporary architecture.[\/vc_column_text][mk_button dimension=&#8221;flat&#8221; size=&#8221;large&#8221; url=&#8221;http:\/\/cacconstruction.com\/rivecentre&#8221; target=&#8221;_blank&#8221; margin_bottom=&#8221;40&#8243; margin_right=&#8221;0&#8243; el_class=&#8221;btn-bottom&#8221;]Website[\/mk_button][\/vc_column][vc_column width=&#8221;1\/2&#8243;][mk_image src=&#8221;http:\/\/rivecentre.com\/wp-content\/uploads\/2017\/11\/bloc7.jpg&#8221; image_size=&#8221;full&#8221; margin_bottom=&#8221;25&#8243;][\/vc_column][\/vc_row][vc_row equal_columns=&#8221;true&#8221; disable_element=&#8221;yes&#8221; css=&#8221;.vc_custom_1565191061083{padding-top: 0px !important;padding-bottom: 80px !important;}&#8221;][vc_column width=&#8221;1\/2&#8243;][mk_image src=&#8221;http:\/\/rivecentre.com\/wp-content\/uploads\/2017\/11\/bloc5.jpg&#8221; image_size=&#8221;full&#8221; margin_bottom=&#8221;25&#8243;][mk_image src=&#8221;http:\/\/rivecentre.com\/wp-content\/uploads\/2017\/11\/bloc6.jpg&#8221; image_size=&#8221;full&#8221; title=&#8221;Contemporary style single-family homes&#8221; margin_bottom=&#8221;30&#8243;][vc_column_text css=&#8221;.vc_custom_1510089284396{margin-bottom: 100px !important;}&#8221;]\n<h2>CHRISTIAN ALEXANDRE CONSTRUCTION<\/h2>\n<p>Christian Alexandre Construction offers families new and personalized single-family homes. Focusing on neighbourhoods tailored to their needs and emphasizing green spaces, Christian Alexandre Construction produces high-quality, comfortable, intelligently-designed buildings that feature contemporary architecture.[\/vc_column_text][mk_button dimension=&#8221;flat&#8221; size=&#8221;large&#8221; url=&#8221;http:\/\/cacconstruction.com\/rivecentre&#8221; target=&#8221;_blank&#8221; margin_bottom=&#8221;40&#8243; margin_right=&#8221;0&#8243; el_class=&#8221;btn-bottom&#8221;]Website[\/mk_button][\/vc_column][vc_column width=&#8221;1\/2&#8243;][mk_image src=&#8221;http:\/\/rivecentre.com\/wp-content\/uploads\/2017\/11\/bloc7.jpg&#8221; image_size=&#8221;full&#8221; margin_bottom=&#8221;25&#8243;][mk_image src=&#8221;http:\/\/rivecentre.com\/wp-content\/uploads\/2017\/11\/bloc8.jpg&#8221; image_size=&#8221;full&#8221; title=&#8221;Contemporary triplexes and homes&#8221; margin_bottom=&#8221;30&#8243;][vc_column_text css=&#8221;.vc_custom_1510341972466{margin-bottom: 100px !important;}&#8221;]\n<h2>HABITATIONS P.A. INC.<\/h2>\n<p>Habitations P.A. inc. realizes contemporary triplex, single-family homes and quality projects. Focused on the ergonomics of space and comfort, Habitations P.A. inc. develops real estate projects in the heart of exceptional environments, a true oasis of green in an urban setting.[\/vc_column_text][mk_button dimension=&#8221;flat&#8221; size=&#8221;large&#8221; url=&#8221;https:\/\/www.projetaurea.com\/accueil-1&#8243; target=&#8221;_blank&#8221; margin_bottom=&#8221;40&#8243; margin_right=&#8221;0&#8243; el_class=&#8221;btn-bottom&#8221;]Website[\/mk_button][\/vc_column][\/vc_row]\n","protected":false},"excerpt":{"rendered":"<p>[vc_row fullwidth=&#8221;true&#8221; fullwidth_content=&#8221;false&#8221; css=&#8221;.vc_custom_1510755838377{background-color: #e6e6e6 !important;}&#8221; el_class=&#8221;large-padding-top-bottom&#8221;][vc_column][vc_custom_heading text=&#8221;The Rive-Centre builders&#8221; font_container=&#8221;tag:h1|font_size:24|text_align:left|color:%23262626&#8243; use_theme_fonts=&#8221;yes&#8221; css=&#8221;.vc_custom_1510084191343{margin-left: 0px !important;padding-right: 15px !important;padding-left: 15px !important;}&#8221;][vc_column_text css=&#8221;.vc_custom_1604354632310{margin-bottom: 0px !important;padding-right: 15px !important;padding-left: 15px !important;}&#8221;]Rive-Centre, it\u2019s the culmination of a shared passion of leaders renowned for their know-how and for the superior quality of their constructions. Meet these key project players.[\/vc_column_text][\/vc_column][\/vc_row][vc_row][vc_column css=&#8221;.vc_custom_1603482143929{padding-left: 0px !important;}&#8221;][vc_row_inner][vc_column_inner][vc_empty_space [&hellip;]<\/p>\n","protected":false},"author":1,"featured_media":0,"parent":0,"menu_order":0,"comment_status":"closed","ping_status":"open","template":"","meta":[],"yoast_head":"<!-- This site is optimized with the Yoast SEO plugin v18.4.1 - https:\/\/yoast.com\/wordpress\/plugins\/seo\/ -->\n<title>Builders - Rive-Centre<\/title>\n<meta name=\"robots\" content=\"index, follow, max-snippet:-1, max-image-preview:large, max-video-preview:-1\" \/>\n<link rel=\"canonical\" href=\"https:\/\/rivecentre.com\/en\/builders\/\" \/>\n<meta property=\"og:locale\" content=\"en_US\" \/>\n<meta property=\"og:type\" content=\"article\" \/>\n<meta property=\"og:title\" content=\"Builders - Rive-Centre\" \/>\n<meta property=\"og:description\" content=\"[vc_row fullwidth=&#8221;true&#8221; fullwidth_content=&#8221;false&#8221; css=&#8221;.vc_custom_1510755838377{background-color: #e6e6e6 !important;}&#8221; el_class=&#8221;large-padding-top-bottom&#8221;][vc_column][vc_custom_heading text=&#8221;The Rive-Centre builders&#8221; font_container=&#8221;tag:h1|font_size:24|text_align:left|color:%23262626&#8243; use_theme_fonts=&#8221;yes&#8221; css=&#8221;.vc_custom_1510084191343{margin-left: 0px !important;padding-right: 15px !important;padding-left: 15px !important;}&#8221;][vc_column_text css=&#8221;.vc_custom_1604354632310{margin-bottom: 0px !important;padding-right: 15px !important;padding-left: 15px !important;}&#8221;]Rive-Centre, it\u2019s the culmination of a shared passion of leaders renowned for their know-how and for the superior quality of their constructions. Meet these key project players.[\/vc_column_text][\/vc_column][\/vc_row][vc_row][vc_column css=&#8221;.vc_custom_1603482143929{padding-left: 0px !important;}&#8221;][vc_row_inner][vc_column_inner][vc_empty_space [&hellip;]\" \/>\n<meta property=\"og:url\" content=\"https:\/\/rivecentre.com\/en\/builders\/\" \/>\n<meta property=\"og:site_name\" content=\"Rive-Centre\" \/>\n<meta property=\"article:modified_time\" content=\"2022-03-31T18:18:38+00:00\" \/>\n<meta name=\"twitter:card\" content=\"summary\" \/>\n<meta name=\"twitter:label1\" content=\"Est. reading time\" \/>\n\t<meta name=\"twitter:data1\" content=\"3 minutes\" \/>\n<script type=\"application\/ld+json\" class=\"yoast-schema-graph\">{\"@context\":\"https:\/\/schema.org\",\"@graph\":[{\"@type\":\"WebSite\",\"@id\":\"https:\/\/rivecentre.com\/#website\",\"url\":\"https:\/\/rivecentre.com\/\",\"name\":\"Rive-Centre\",\"description\":\"Propri\u00e9t\u00e9s familiales neuves et abordables \u00e0 Montr\u00e9al\",\"potentialAction\":[{\"@type\":\"SearchAction\",\"target\":{\"@type\":\"EntryPoint\",\"urlTemplate\":\"https:\/\/rivecentre.com\/?s={search_term_string}\"},\"query-input\":\"required name=search_term_string\"}],\"inLanguage\":\"en-US\"},{\"@type\":\"WebPage\",\"@id\":\"https:\/\/rivecentre.com\/en\/builders\/#webpage\",\"url\":\"https:\/\/rivecentre.com\/en\/builders\/\",\"name\":\"Builders - Rive-Centre\",\"isPartOf\":{\"@id\":\"https:\/\/rivecentre.com\/#website\"},\"datePublished\":\"2017-11-06T16:45:41+00:00\",\"dateModified\":\"2022-03-31T18:18:38+00:00\",\"breadcrumb\":{\"@id\":\"https:\/\/rivecentre.com\/en\/builders\/#breadcrumb\"},\"inLanguage\":\"en-US\",\"potentialAction\":[{\"@type\":\"ReadAction\",\"target\":[\"https:\/\/rivecentre.com\/en\/builders\/\"]}]},{\"@type\":\"BreadcrumbList\",\"@id\":\"https:\/\/rivecentre.com\/en\/builders\/#breadcrumb\",\"itemListElement\":[{\"@type\":\"ListItem\",\"position\":1,\"name\":\"Home\",\"item\":\"https:\/\/rivecentre.com\/en\/\"},{\"@type\":\"ListItem\",\"position\":2,\"name\":\"Builders\"}]}]}<\/script>\n<!-- \/ Yoast SEO plugin. -->","yoast_head_json":{"title":"Builders - Rive-Centre","robots":{"index":"index","follow":"follow","max-snippet":"max-snippet:-1","max-image-preview":"max-image-preview:large","max-video-preview":"max-video-preview:-1"},"canonical":"https:\/\/rivecentre.com\/en\/builders\/","og_locale":"en_US","og_type":"article","og_title":"Builders - Rive-Centre","og_description":"[vc_row fullwidth=&#8221;true&#8221; fullwidth_content=&#8221;false&#8221; css=&#8221;.vc_custom_1510755838377{background-color: #e6e6e6 !important;}&#8221; el_class=&#8221;large-padding-top-bottom&#8221;][vc_column][vc_custom_heading text=&#8221;The Rive-Centre builders&#8221; font_container=&#8221;tag:h1|font_size:24|text_align:left|color:%23262626&#8243; use_theme_fonts=&#8221;yes&#8221; css=&#8221;.vc_custom_1510084191343{margin-left: 0px !important;padding-right: 15px !important;padding-left: 15px !important;}&#8221;][vc_column_text css=&#8221;.vc_custom_1604354632310{margin-bottom: 0px !important;padding-right: 15px !important;padding-left: 15px !important;}&#8221;]Rive-Centre, it\u2019s the culmination of a shared passion of leaders renowned for their know-how and for the superior quality of their constructions. Meet these key project players.[\/vc_column_text][\/vc_column][\/vc_row][vc_row][vc_column css=&#8221;.vc_custom_1603482143929{padding-left: 0px !important;}&#8221;][vc_row_inner][vc_column_inner][vc_empty_space [&hellip;]","og_url":"https:\/\/rivecentre.com\/en\/builders\/","og_site_name":"Rive-Centre","article_modified_time":"2022-03-31T18:18:38+00:00","twitter_card":"summary","twitter_misc":{"Est. reading time":"3 minutes"},"schema":{"@context":"https:\/\/schema.org","@graph":[{"@type":"WebSite","@id":"https:\/\/rivecentre.com\/#website","url":"https:\/\/rivecentre.com\/","name":"Rive-Centre","description":"Propri\u00e9t\u00e9s familiales neuves et abordables \u00e0 Montr\u00e9al","potentialAction":[{"@type":"SearchAction","target":{"@type":"EntryPoint","urlTemplate":"https:\/\/rivecentre.com\/?s={search_term_string}"},"query-input":"required name=search_term_string"}],"inLanguage":"en-US"},{"@type":"WebPage","@id":"https:\/\/rivecentre.com\/en\/builders\/#webpage","url":"https:\/\/rivecentre.com\/en\/builders\/","name":"Builders - Rive-Centre","isPartOf":{"@id":"https:\/\/rivecentre.com\/#website"},"datePublished":"2017-11-06T16:45:41+00:00","dateModified":"2022-03-31T18:18:38+00:00","breadcrumb":{"@id":"https:\/\/rivecentre.com\/en\/builders\/#breadcrumb"},"inLanguage":"en-US","potentialAction":[{"@type":"ReadAction","target":["https:\/\/rivecentre.com\/en\/builders\/"]}]},{"@type":"BreadcrumbList","@id":"https:\/\/rivecentre.com\/en\/builders\/#breadcrumb","itemListElement":[{"@type":"ListItem","position":1,"name":"Home","item":"https:\/\/rivecentre.com\/en\/"},{"@type":"ListItem","position":2,"name":"Builders"}]}]}},"_links":{"self":[{"href":"https:\/\/rivecentre.com\/en\/wp-json\/wp\/v2\/pages\/327"}],"collection":[{"href":"https:\/\/rivecentre.com\/en\/wp-json\/wp\/v2\/pages"}],"about":[{"href":"https:\/\/rivecentre.com\/en\/wp-json\/wp\/v2\/types\/page"}],"author":[{"embeddable":true,"href":"https:\/\/rivecentre.com\/en\/wp-json\/wp\/v2\/users\/1"}],"replies":[{"embeddable":true,"href":"https:\/\/rivecentre.com\/en\/wp-json\/wp\/v2\/comments?post=327"}],"version-history":[{"count":27,"href":"https:\/\/rivecentre.com\/en\/wp-json\/wp\/v2\/pages\/327\/revisions"}],"predecessor-version":[{"id":678,"href":"https:\/\/rivecentre.com\/en\/wp-json\/wp\/v2\/pages\/327\/revisions\/678"}],"wp:attachment":[{"href":"https:\/\/rivecentre.com\/en\/wp-json\/wp\/v2\/media?parent=327"}],"curies":[{"name":"wp","href":"https:\/\/api.w.org\/{rel}","templated":true}]}}