{"id":332,"date":"2017-11-06T14:28:43","date_gmt":"2017-11-06T19:28:43","guid":{"rendered":"http:\/\/rivecentre.com\/contact\/"},"modified":"2022-03-31T13:23:30","modified_gmt":"2022-03-31T18:23:30","slug":"contact","status":"publish","type":"page","link":"https:\/\/rivecentre.com\/en\/contact\/","title":{"rendered":"Contact"},"content":{"rendered":"[vc_row fullwidth=&#8221;true&#8221; fullwidth_content=&#8221;false&#8221; css=&#8221;.vc_custom_1510755888134{background-color: #e6e6e6 !important;}&#8221; el_class=&#8221;large-padding-top-bottom&#8221;][vc_column][vc_custom_heading text=&#8221;Contact us&#8221; font_container=&#8221;tag:h1|font_size:24|text_align:left|color:%23262626&#8243; use_theme_fonts=&#8221;yes&#8221; css=&#8221;.vc_custom_1510089120109{margin-left: 0px !important;padding-right: 15px !important;padding-left: 15px !important;}&#8221;][vc_column_text css=&#8221;.vc_custom_1510084480357{margin-bottom: 0px !important;padding-right: 15px !important;padding-left: 15px !important;}&#8221;]<strong>To directly contact the developer of the Rive-Centre project<\/strong><\/p>\n[mk_contact_info title=&#8221;&#8221; phone=&#8221;514 648-5047&#8243; fax=&#8221;&#8221; email=&#8221;info@rivecentre.com&#8221; address=&#8221;&#8221; person=&#8221;&#8221; company=&#8221;&#8221; skype=&#8221;&#8221; website=&#8221;&#8221;][\/vc_column_text][\/vc_column][\/vc_row][vc_row equal_columns=&#8221;true&#8221; disable_element=&#8221;yes&#8221; css=&#8221;.vc_custom_1648750953082{padding-top: 80px !important;padding-bottom: 40px !important;}&#8221;][vc_column width=&#8221;1\/2&#8243;][mk_custom_box padding_horizental=&#8221;30&#8243; margin_bottom=&#8221;30&#8243; min_height=&#8221;228&#8243; bg_image=&#8221;http:\/\/rivecentre.com\/wp-content\/uploads\/2017\/11\/bloc2.jpg&#8221; bg_stretch=&#8221;true&#8221;][vc_single_image image=&#8221;29&#8243; img_size=&#8221;full&#8221; el_class=&#8221;logo-contact-img&#8221;][\/mk_custom_box][vc_column_text css=&#8221;.vc_custom_1510341251142{margin-bottom: 100px !important;}&#8221;]\n<h4>To contact Groupe Cartierville<\/h4>\n<p>Classic style, semi-detached homes <span style=\"color: #fe0000;\">&#8211; Phase 11<\/span><\/p>\n<p><span style=\"color: #fe0000;\">12 411, rue Jules-Helbronner, Montr\u00e9al<\/span>[\/vc_column_text][mk_button dimension=&#8221;flat&#8221; size=&#8221;large&#8221; url=&#8221;https:\/\/cartierville.ca\/ours-project&#8221; target=&#8221;_blank&#8221; margin_bottom=&#8221;40&#8243; margin_right=&#8221;0&#8243; el_class=&#8221;btn-bottom&#8221;]Website[\/mk_button][\/vc_column][vc_column width=&#8221;1\/2&#8243;][\/vc_column][\/vc_row][vc_row equal_columns=&#8221;true&#8221; disable_element=&#8221;yes&#8221; css=&#8221;.vc_custom_1592938864159{padding-top: 80px !important;padding-bottom: 40px !important;}&#8221;][vc_column width=&#8221;1\/2&#8243;][mk_custom_box padding_horizental=&#8221;30&#8243; margin_bottom=&#8221;30&#8243; min_height=&#8221;228&#8243; bg_image=&#8221;http:\/\/rivecentre.com\/wp-content\/uploads\/2017\/11\/bloc2.jpg&#8221; bg_stretch=&#8221;true&#8221;][vc_single_image image=&#8221;29&#8243; img_size=&#8221;full&#8221; el_class=&#8221;logo-contact-img&#8221;][\/mk_custom_box][vc_column_text css=&#8221;.vc_custom_1510341251142{margin-bottom: 100px !important;}&#8221;]\n<h4>To contact Groupe Cartierville<\/h4>\n<p>Classic style, semi-detached homes <span style=\"color: #fe0000;\">&#8211; Phase 11<\/span><\/p>\n<p><span style=\"color: #fe0000;\">12 411, rue Jules-Helbronner, Montr\u00e9al<\/span>[\/vc_column_text][mk_button dimension=&#8221;flat&#8221; size=&#8221;large&#8221; url=&#8221;https:\/\/cartierville.ca\/ours-project&#8221; target=&#8221;_blank&#8221; margin_bottom=&#8221;40&#8243; margin_right=&#8221;0&#8243; el_class=&#8221;btn-bottom&#8221;]Website[\/mk_button][\/vc_column][vc_column width=&#8221;1\/2&#8243;][mk_custom_box padding_horizental=&#8221;30&#8243; margin_bottom=&#8221;30&#8243; min_height=&#8221;228&#8243; bg_image=&#8221;http:\/\/rivecentre.com\/wp-content\/uploads\/2017\/11\/bloc7.jpg&#8221; bg_stretch=&#8221;true&#8221;][vc_single_image image=&#8221;26&#8243; img_size=&#8221;full&#8221; el_class=&#8221;logo-contact-img&#8221;][\/mk_custom_box][vc_column_text css=&#8221;.vc_custom_1510342182645{margin-bottom: 100px !important;}&#8221;]\n<h4>To contact Habitations P.A. inc.<\/h4>\n<p>Contemporary-style triplexes an homes\u00a0<span style=\"color: #fe0000;\">&#8211; Phases 6 &amp; 7<\/span><\/p>\n<p><a href=\"https:\/\/www.google.ca\/maps\/place\/Rue+Mathieu+da-Costa,+Montr%C3%A9al,+QC+H1C+0B9\/@45.6709031,-73.5385083,17z\/data=!3m1!4b1!4m5!3m4!1s0x4cc8e10c80b18a71:0x9fa81cbb6a92e511!8m2!3d45.6708994!4d-73.5363143\" target=\"_blank\" rel=\"noopener noreferrer\"><span style=\"color: #fe0000;\">11 157, rue Mathieu-Da Costa, Montr\u00e9al<\/span><\/a>[\/vc_column_text][mk_button dimension=&#8221;flat&#8221; size=&#8221;large&#8221; url=&#8221;https:\/\/www.projetaurea.com\/accueil-1&#8243; target=&#8221;_blank&#8221; margin_bottom=&#8221;40&#8243; margin_right=&#8221;0&#8243; el_class=&#8221;btn-bottom&#8221;]Website[\/mk_button][\/vc_column][\/vc_row][vc_row equal_columns=&#8221;true&#8221; disable_element=&#8221;yes&#8221; css=&#8221;.vc_custom_1591967130575{padding-top: 80px !important;padding-bottom: 40px !important;}&#8221;][vc_column width=&#8221;1\/2&#8243;][mk_custom_box padding_horizental=&#8221;30&#8243; margin_bottom=&#8221;30&#8243; min_height=&#8221;228&#8243; bg_image=&#8221;http:\/\/rivecentre.com\/wp-content\/uploads\/2017\/11\/bloc2.jpg&#8221; bg_stretch=&#8221;true&#8221;][vc_single_image image=&#8221;29&#8243; img_size=&#8221;full&#8221; el_class=&#8221;logo-contact-img&#8221;][\/mk_custom_box][vc_column_text css=&#8221;.vc_custom_1510341251142{margin-bottom: 100px !important;}&#8221;]\n<h4>To contact Groupe Cartierville<\/h4>\n<p>Classic style, semi-detached homes <span style=\"color: #fe0000;\">&#8211; Phase 11<\/span><\/p>\n<p><span style=\"color: #fe0000;\">12 411, rue Jules-Helbronner, Montr\u00e9al<\/span>[\/vc_column_text][mk_button dimension=&#8221;flat&#8221; size=&#8221;large&#8221; url=&#8221;https:\/\/cartierville.ca\/ours-project&#8221; target=&#8221;_blank&#8221; margin_bottom=&#8221;40&#8243; margin_right=&#8221;0&#8243; el_class=&#8221;btn-bottom&#8221;]Website[\/mk_button][\/vc_column][vc_column width=&#8221;1\/2&#8243;][mk_custom_box padding_horizental=&#8221;30&#8243; margin_bottom=&#8221;30&#8243; min_height=&#8221;228&#8243; bg_image=&#8221;http:\/\/rivecentre.com\/wp-content\/uploads\/2017\/11\/bloc6.jpg&#8221; bg_stretch=&#8221;true&#8221;][vc_single_image image=&#8221;25&#8243; img_size=&#8221;full&#8221; el_class=&#8221;logo-contact-img&#8221;][\/mk_custom_box][vc_column_text css=&#8221;.vc_custom_1510341287626{margin-bottom: 100px !important;}&#8221;]\n<h4>To contact Christian Alexandre Construction<\/h4>\n<p>Contemporary style, single-family homes <span style=\"color: #fe0000;\">&#8211; Phase 7<\/span><\/p>\n<p><a href=\"https:\/\/www.google.ca\/maps\/place\/Rive-Centre+Christian+Alexandre+Construction\/@45.6709031,-73.5385083,17z\/data=!3m1!4b1!4m5!3m4!1s0x4cc8e10c8217fee9:0x42a6593a78a8db4f!8m2!3d45.6708994!4d-73.5363143\" target=\"_blank\" rel=\"noopener noreferrer\"><span style=\"color: #fe0000;\">12 416, avenue du Fief-Carion, Montr\u00e9al<\/span><\/a>[\/vc_column_text][mk_button dimension=&#8221;flat&#8221; size=&#8221;large&#8221; url=&#8221;http:\/\/cacconstruction.com\/rivecentre\/&#8221; target=&#8221;_blank&#8221; margin_bottom=&#8221;40&#8243; margin_right=&#8221;0&#8243; el_class=&#8221;btn-bottom&#8221;]Website[\/mk_button][\/vc_column][\/vc_row]\n","protected":false},"excerpt":{"rendered":"<p>[vc_row fullwidth=&#8221;true&#8221; fullwidth_content=&#8221;false&#8221; css=&#8221;.vc_custom_1510755888134{background-color: #e6e6e6 !important;}&#8221; el_class=&#8221;large-padding-top-bottom&#8221;][vc_column][vc_custom_heading text=&#8221;Contact us&#8221; font_container=&#8221;tag:h1|font_size:24|text_align:left|color:%23262626&#8243; use_theme_fonts=&#8221;yes&#8221; css=&#8221;.vc_custom_1510089120109{margin-left: 0px !important;padding-right: 15px !important;padding-left: 15px !important;}&#8221;][vc_column_text css=&#8221;.vc_custom_1510084480357{margin-bottom: 0px !important;padding-right: 15px !important;padding-left: 15px !important;}&#8221;]To directly contact the developer of the Rive-Centre project [mk_contact_info title=&#8221;&#8221; phone=&#8221;514 648-5047&#8243; fax=&#8221;&#8221; email=&#8221;info@rivecentre.com&#8221; address=&#8221;&#8221; person=&#8221;&#8221; company=&#8221;&#8221; skype=&#8221;&#8221; website=&#8221;&#8221;][\/vc_column_text][\/vc_column][\/vc_row][vc_row equal_columns=&#8221;true&#8221; disable_element=&#8221;yes&#8221; css=&#8221;.vc_custom_1648750953082{padding-top: 80px !important;padding-bottom: 40px !important;}&#8221;][vc_column width=&#8221;1\/2&#8243;][mk_custom_box padding_horizental=&#8221;30&#8243; margin_bottom=&#8221;30&#8243; min_height=&#8221;228&#8243; [&hellip;]<\/p>\n","protected":false},"author":1,"featured_media":0,"parent":0,"menu_order":0,"comment_status":"closed","ping_status":"open","template":"","meta":[],"yoast_head":"<!-- This site is optimized with the Yoast SEO plugin v18.4.1 - https:\/\/yoast.com\/wordpress\/plugins\/seo\/ -->\n<title>Rive-Centre | Contact us<\/title>\n<meta name=\"description\" content=\"Contact us at 514 648-5047, and at info@rivecentre.com, or visit the website for builder contact details.\" \/>\n<meta name=\"robots\" content=\"index, follow, max-snippet:-1, max-image-preview:large, max-video-preview:-1\" \/>\n<link rel=\"canonical\" href=\"https:\/\/rivecentre.com\/en\/contact\/\" \/>\n<meta property=\"og:locale\" content=\"en_US\" \/>\n<meta property=\"og:type\" content=\"article\" \/>\n<meta property=\"og:title\" content=\"Rive-Centre | Contact us\" \/>\n<meta property=\"og:description\" content=\"Contact us at 514 648-5047, and at info@rivecentre.com, or visit the website for builder contact details.\" \/>\n<meta property=\"og:url\" content=\"https:\/\/rivecentre.com\/en\/contact\/\" \/>\n<meta property=\"og:site_name\" content=\"Rive-Centre\" \/>\n<meta property=\"article:modified_time\" content=\"2022-03-31T18:23:30+00:00\" \/>\n<meta name=\"twitter:card\" content=\"summary\" \/>\n<meta name=\"twitter:label1\" content=\"Est. reading time\" \/>\n\t<meta name=\"twitter:data1\" content=\"2 minutes\" \/>\n<script type=\"application\/ld+json\" class=\"yoast-schema-graph\">{\"@context\":\"https:\/\/schema.org\",\"@graph\":[{\"@type\":\"WebSite\",\"@id\":\"https:\/\/rivecentre.com\/#website\",\"url\":\"https:\/\/rivecentre.com\/\",\"name\":\"Rive-Centre\",\"description\":\"Propri\u00e9t\u00e9s familiales neuves et abordables \u00e0 Montr\u00e9al\",\"potentialAction\":[{\"@type\":\"SearchAction\",\"target\":{\"@type\":\"EntryPoint\",\"urlTemplate\":\"https:\/\/rivecentre.com\/?s={search_term_string}\"},\"query-input\":\"required name=search_term_string\"}],\"inLanguage\":\"en-US\"},{\"@type\":\"WebPage\",\"@id\":\"https:\/\/rivecentre.com\/en\/contact\/#webpage\",\"url\":\"https:\/\/rivecentre.com\/en\/contact\/\",\"name\":\"Rive-Centre | Contact us\",\"isPartOf\":{\"@id\":\"https:\/\/rivecentre.com\/#website\"},\"datePublished\":\"2017-11-06T19:28:43+00:00\",\"dateModified\":\"2022-03-31T18:23:30+00:00\",\"description\":\"Contact us at 514 648-5047, and at info@rivecentre.com, or visit the website for builder contact details.\",\"breadcrumb\":{\"@id\":\"https:\/\/rivecentre.com\/en\/contact\/#breadcrumb\"},\"inLanguage\":\"en-US\",\"potentialAction\":[{\"@type\":\"ReadAction\",\"target\":[\"https:\/\/rivecentre.com\/en\/contact\/\"]}]},{\"@type\":\"BreadcrumbList\",\"@id\":\"https:\/\/rivecentre.com\/en\/contact\/#breadcrumb\",\"itemListElement\":[{\"@type\":\"ListItem\",\"position\":1,\"name\":\"Home\",\"item\":\"https:\/\/rivecentre.com\/en\/\"},{\"@type\":\"ListItem\",\"position\":2,\"name\":\"Contact\"}]}]}<\/script>\n<!-- \/ Yoast SEO plugin. -->","yoast_head_json":{"title":"Rive-Centre | Contact us","description":"Contact us at 514 648-5047, and at info@rivecentre.com, or visit the website for builder contact details.","robots":{"index":"index","follow":"follow","max-snippet":"max-snippet:-1","max-image-preview":"max-image-preview:large","max-video-preview":"max-video-preview:-1"},"canonical":"https:\/\/rivecentre.com\/en\/contact\/","og_locale":"en_US","og_type":"article","og_title":"Rive-Centre | Contact us","og_description":"Contact us at 514 648-5047, and at info@rivecentre.com, or visit the website for builder contact details.","og_url":"https:\/\/rivecentre.com\/en\/contact\/","og_site_name":"Rive-Centre","article_modified_time":"2022-03-31T18:23:30+00:00","twitter_card":"summary","twitter_misc":{"Est. reading time":"2 minutes"},"schema":{"@context":"https:\/\/schema.org","@graph":[{"@type":"WebSite","@id":"https:\/\/rivecentre.com\/#website","url":"https:\/\/rivecentre.com\/","name":"Rive-Centre","description":"Propri\u00e9t\u00e9s familiales neuves et abordables \u00e0 Montr\u00e9al","potentialAction":[{"@type":"SearchAction","target":{"@type":"EntryPoint","urlTemplate":"https:\/\/rivecentre.com\/?s={search_term_string}"},"query-input":"required name=search_term_string"}],"inLanguage":"en-US"},{"@type":"WebPage","@id":"https:\/\/rivecentre.com\/en\/contact\/#webpage","url":"https:\/\/rivecentre.com\/en\/contact\/","name":"Rive-Centre | Contact us","isPartOf":{"@id":"https:\/\/rivecentre.com\/#website"},"datePublished":"2017-11-06T19:28:43+00:00","dateModified":"2022-03-31T18:23:30+00:00","description":"Contact us at 514 648-5047, and at info@rivecentre.com, or visit the website for builder contact details.","breadcrumb":{"@id":"https:\/\/rivecentre.com\/en\/contact\/#breadcrumb"},"inLanguage":"en-US","potentialAction":[{"@type":"ReadAction","target":["https:\/\/rivecentre.com\/en\/contact\/"]}]},{"@type":"BreadcrumbList","@id":"https:\/\/rivecentre.com\/en\/contact\/#breadcrumb","itemListElement":[{"@type":"ListItem","position":1,"name":"Home","item":"https:\/\/rivecentre.com\/en\/"},{"@type":"ListItem","position":2,"name":"Contact"}]}]}},"_links":{"self":[{"href":"https:\/\/rivecentre.com\/en\/wp-json\/wp\/v2\/pages\/332"}],"collection":[{"href":"https:\/\/rivecentre.com\/en\/wp-json\/wp\/v2\/pages"}],"about":[{"href":"https:\/\/rivecentre.com\/en\/wp-json\/wp\/v2\/types\/page"}],"author":[{"embeddable":true,"href":"https:\/\/rivecentre.com\/en\/wp-json\/wp\/v2\/users\/1"}],"replies":[{"embeddable":true,"href":"https:\/\/rivecentre.com\/en\/wp-json\/wp\/v2\/comments?post=332"}],"version-history":[{"count":16,"href":"https:\/\/rivecentre.com\/en\/wp-json\/wp\/v2\/pages\/332\/revisions"}],"predecessor-version":[{"id":680,"href":"https:\/\/rivecentre.com\/en\/wp-json\/wp\/v2\/pages\/332\/revisions\/680"}],"wp:attachment":[{"href":"https:\/\/rivecentre.com\/en\/wp-json\/wp\/v2\/media?parent=332"}],"curies":[{"name":"wp","href":"https:\/\/api.w.org\/{rel}","templated":true}]}}